{"id":22551,"date":"2021-04-21T11:57:31","date_gmt":"2021-09-28T05:13:45","guid":{"rendered":"https:\/\/physiodermie.com\/produit\/micro-gel-contour-des-yeux\/"},"modified":"2023-10-11T05:32:35","modified_gmt":"2023-10-11T03:32:35","slug":"contour-des-yeux","status":"publish","type":"product","link":"https:\/\/www.physiodermie.com\/fr\/shop\/visage\/contour-des-yeux\/contour-des-yeux\/","title":{"rendered":"MICRO-GEL CONTOUR DES YEUX"},"content":{"rendered":"<div class=\"fusion-fullwidth fullwidth-box fusion-builder-row-1 fusion-flex-container hundred-percent-fullwidth non-hundred-percent-height-scrolling\" style=\"--awb-border-radius-top-left:0px;--awb-border-radius-top-right:0px;--awb-border-radius-bottom-right:0px;--awb-border-radius-bottom-left:0px;--awb-padding-right:0px;--awb-padding-bottom:0px;--awb-padding-left:0px;--awb-background-color:rgba(255,255,255,0);--awb-flex-wrap:wrap;\" ><div class=\"fusion-builder-row fusion-row fusion-flex-align-items-flex-start fusion-flex-content-wrap\" style=\"width:104% !important;max-width:104% !important;margin-left: calc(-4% \/ 2 );margin-right: calc(-4% \/ 2 );\"><div class=\"fusion-layout-column fusion_builder_column fusion-builder-column-0 fusion_builder_column_1_1 1_1 fusion-flex-column\" style=\"--awb-bg-size:cover;--awb-width-large:100%;--awb-margin-top-large:0px;--awb-spacing-right-large:1.92%;--awb-margin-bottom-large:0px;--awb-spacing-left-large:1.92%;--awb-width-medium:100%;--awb-spacing-right-medium:1.92%;--awb-spacing-left-medium:1.92%;--awb-width-small:100%;--awb-spacing-right-small:1.92%;--awb-spacing-left-small:1.92%;\"><div class=\"fusion-column-wrapper fusion-flex-justify-content-flex-start fusion-content-layout-column\"><div class=\"fusion-title title fusion-title-1 fusion-title-center fusion-title-text fusion-title-size-two\"><div class=\"title-sep-container title-sep-container-left\"><div class=\"title-sep sep-single sep-solid\" style=\"border-color:#e0dede;\"><\/div><\/div><span class=\"awb-title-spacer\"><\/span><h2 class=\"fusion-title-heading title-heading-center fusion-responsive-typography-calculated\" style=\"margin:0;--fontSize:38;line-height:1.26;\">Utilisation<\/h2><span class=\"awb-title-spacer\"><\/span><div class=\"title-sep-container title-sep-container-right\"><div class=\"title-sep sep-single sep-solid\" style=\"border-color:#e0dede;\"><\/div><\/div><\/div><div class=\"fusion-tabs fusion-tabs-1 clean nav-is-justified horizontal-tabs icon-position-left mobile-mode-accordion\" style=\"--awb-title-border-radius-top-left:0px;--awb-title-border-radius-top-right:0px;--awb-title-border-radius-bottom-right:0px;--awb-title-border-radius-bottom-left:0px;--awb-alignment:start;--awb-inactive-color:#f6f6f6;--awb-background-color:rgba(255,255,255,0);--awb-border-color:#eaeaea;--awb-active-border-color:#000000;\"><div class=\"nav\"><ul class=\"nav-tabs nav-justified\" role=\"tablist\"><li class=\"active\" role=\"presentation\"><a class=\"tab-link\" data-toggle=\"tab\" role=\"tab\" aria-controls=\"tab-e7f085866fd9529367e\" aria-selected=\"true\" id=\"fusion-tab-application\" href=\"#tab-e7f085866fd9529367e\"><h4 class=\"fusion-tab-heading\">Application<\/h4><\/a><\/li><li role=\"presentation\"><a class=\"tab-link\" data-toggle=\"tab\" role=\"tab\" aria-controls=\"tab-9545ca7a649b730b23e\" aria-selected=\"false\" tabindex=\"-1\" id=\"fusion-tab-listed&amp;apos;ingr\u00e9dients\" href=\"#tab-9545ca7a649b730b23e\"><h4 class=\"fusion-tab-heading\">Liste d&apos;ingr\u00e9dients<\/h4><\/a><\/li><\/ul><\/div><div class=\"tab-content\"><div class=\"nav fusion-mobile-tab-nav\"><ul class=\"nav-tabs nav-justified\" role=\"tablist\"><li class=\"active\" role=\"presentation\"><a class=\"tab-link\" data-toggle=\"tab\" role=\"tab\" aria-controls=\"tab-e7f085866fd9529367e\" aria-selected=\"true\" id=\"mobile-fusion-tab-application\" href=\"#tab-e7f085866fd9529367e\"><h4 class=\"fusion-tab-heading\">Application<\/h4><\/a><\/li><\/ul><\/div><div class=\"tab-pane fade fusion-clearfix in active\" role=\"tabpanel\" tabindex=\"0\" aria-labelledby=\"fusion-tab-application\" id=\"tab-e7f085866fd9529367e\">\n<div class=\"lmt__inner_textarea_container\" title=\"Cliquez sur un mot pour voir les autres traductions possibles\">\n<div class=\"lmt__textarea_base_style\">\n<p>Apr\u00e8s avoir pr\u00e9alablement nettoy\u00e9 votre peau, appliquer matin et soir quelques gouttes de Micro-Gel Contour des Yeux sur les paupi\u00e8res. Faire un l\u00e9ger massage du coin interne de l\u2019\u0153il vers le coin externe. Pour une utilisation optimale il est conseill\u00e9 d\u2019utiliser le Micro-Gel Contour des Yeux avec le Bioarome HY (pour les cernes), VD (pour les poches) ou RC (pour les rides de la pattes d\u2019oie).<\/p>\n<p><strong>Conseils Physiodermie :<\/strong><br \/>\nProc\u00e9der au nettoyage et d\u00e9maquillage avec les nettoyants et d\u00e9maquillants Physiodermie. Soins sp\u00e9cifiques : choisissez l\u2019\u00e9mulsion correspondante \u00e0 votre peau et ajoutez-y le Bioarome et\/ou le Booster adapt\u00e9 afin de traiter un besoin cibl\u00e9.<\/p>\n<\/div>\n<\/div>\n<\/div><div class=\"nav fusion-mobile-tab-nav\"><ul class=\"nav-tabs nav-justified\" role=\"tablist\"><li role=\"presentation\"><a class=\"tab-link\" data-toggle=\"tab\" role=\"tab\" aria-controls=\"tab-9545ca7a649b730b23e\" aria-selected=\"false\" tabindex=\"-1\" id=\"mobile-fusion-tab-listed&amp;apos;ingr\u00e9dients\" href=\"#tab-9545ca7a649b730b23e\"><h4 class=\"fusion-tab-heading\">Liste d&apos;ingr\u00e9dients<\/h4><\/a><\/li><\/ul><\/div><div class=\"tab-pane fade fusion-clearfix\" role=\"tabpanel\" tabindex=\"0\" aria-labelledby=\"fusion-tab-listed&amp;apos;ingr\u00e9dients\" id=\"tab-9545ca7a649b730b23e\">\n<p>Aqua (eau), Coco-Caprylate, glyc\u00e9rine, caprylique\/caprice\/triglyc\u00e9ride succinique, propyl\u00e8ne glycol, ph\u00e9noxy\u00e9thanol, bisabolol, acrylates\/C10-30 Alkyl Acrylate Crosspolymer, tri\u00e9thanolamine, butyl\u00e8ne glycol, nylon-12, benzoate de sodium, parfum (parfum), acrylate de glyc\u00e9ryle\/copolym\u00e8re d\u2019acide acrylique, \u00e9thylhexylglyc\u00e9rine, disodium EDTA, extrait de bourgeon de Fagus Sylvatica, Farnesol, extrait de racine de Ruscus Aculeatus, extrait de fleur de millefolium d\u2019Achillea, extrait de fleur d\u2019Arnica Montana, extrait de feuille de Betula Alba, dipotassium glycyrrhizate, Extrait de feuille de ginkgo biloba, tocoph\u00e9rol, benzyl salicylate, hexyl cinnamal, hydroxycitronellal, alpha-isom\u00e9thyl-ionone.<\/p>\n<p>*Nos formules pouvant \u00eatre amen\u00e9es \u00e0 \u00e9voluer, veuillez vous reporter \u00e9galement \u00e0 la liste d\u2019ingr\u00e9dients figurant sur l\u2019emballage du produit et faisant seule foi.<\/p>\n<\/div><\/div><\/div><\/div><\/div><\/div><\/div>\n","protected":false},"excerpt":{"rendered":"<h5 class=\"volume\"><strong>20 ml. <\/strong><strong>Tous types de peaux.<\/strong><\/h5>\n<h3 class=\"biline\"><strong>R\u00e9duit les signes visibles de vieillissement du contour des yeux<\/strong><\/h3>\n<p><span data-contrast=\"auto\">Voici le s\u00e9rum contour des yeux sp\u00e9cialis\u00e9 Methode Physiodermie, adapt\u00e9 \u00e0 tous les types de peau. Cette formulation cibl\u00e9e est con\u00e7ue pour r\u00e9duire les signes visibles du vieillissement autour de la zone des yeux, y compris les rides superficielles, les cernes, les poches et les poches.<\/span><span data-ccp-props=\"{\"201341983\":0,\"335559739\":160,\"335559740\":259}\"> <\/span><\/p>\n<p><span data-contrast=\"auto\">Soin anti-\u00e2ge sp\u00e9cifique pour le contour des yeux : sp\u00e9cialement formul\u00e9 pour r\u00e9pondre aux besoins uniques de la zone d\u00e9licate du contour des yeux, offrant une hydratation et une nutrition cibl\u00e9es.<\/span><span data-ccp-props=\"{\"201341983\":0,\"335559739\":160,\"335559740\":259}\"> <\/span><\/p>\n<p><span data-contrast=\"auto\">R\u00e9duit les signes visibles du vieillissement du contour des yeux : D\u00e9couvrez l\u2019action compl\u00e8te de notre hydratant pour r\u00e9duire les signes visibles du vieillissement autour des yeux. Il cible les rides superficielles, les cernes, les poches et les poches, favorisant une apparence plus jeune et rafra\u00eechie.<\/span><span data-ccp-props=\"{\"201341983\":0,\"335559739\":160,\"335559740\":259}\"> <\/span><\/p>\n<p><span data-contrast=\"auto\">Avec des extraits de plantes tels que Gingko Biloba, Yarrow, Arnica, Birch et Ruscus, il offre de multiples avantages pour le contour des yeux. Gingko Biloba favorise la circulation, l\u2019achill\u00e9e millefeuille et l\u2019arnica aident \u00e0 r\u00e9duire les cernes, tandis que le bouleau et le ruscus contribuent \u00e0 r\u00e9duire les poches.<\/span><span data-ccp-props=\"{\"201341983\":0,\"335559739\":160,\"335559740\":259}\"> <\/span><\/p>\n<p> <span data-contrast=\"auto\">Il est enrichi en<\/span> <span data-contrast=\"auto\">bisabolol et en<\/span> <span data-contrast=\"auto\">acide<\/span> glycyrrh\u00e9tinique : <\/p>\n<p><span data-contrast=\"auto\">Le bisabolol est un compos\u00e9 naturel d\u00e9riv\u00e9 de la camomille qui poss\u00e8de des propri\u00e9t\u00e9s apaisantes et calmantes, ce qui le rend adapt\u00e9 aux peaux sensibles ou irrit\u00e9es. Le bisabolol aide \u00e0 r\u00e9duire les rougeurs et l\u2019inflammation, favorisant un teint plus \u00e9quilibr\u00e9 et confortable. Il peut \u00e9galement soutenir le processus de gu\u00e9rison naturel de la peau et fournir un effet protecteur.<\/span><span data-ccp-props=\"{\"201341983\":0,\"335559739\":160,\"335559740\":259}\"> <\/span><\/p>\n<p>L&rsquo;acide <span data-contrast=\"auto\">Glycyrrh\u00e9tinique<\/span> est <span data-contrast=\"auto\">extrait de racine de r\u00e9glisse, est connu pour ses propri\u00e9t\u00e9s anti-inflammatoires et antioxydantes. Il aide \u00e0 apaiser et calmer la peau, r\u00e9duisant l\u2019inflammation et les rougeurs. L\u2019acide glycyrrh\u00e9tinique fournit \u00e9galement des avantages antioxydants, aidant \u00e0 prot\u00e9ger la peau contre les dommages caus\u00e9s par les radicaux libres et les facteurs de stress environnementaux.<\/span><span data-ccp-props=\"{\"201341983\":0,\"335559739\":160,\"335559740\":259}\"> <\/span><\/p>\n<p><span data-contrast=\"auto\">Complexe hydratant et adoucissant : Ce complexe am\u00e9liore l\u2019hydratation et l\u2019adoucissement de la peau autour des yeux, am\u00e9liorant la texture et l\u2019apparence globales.<\/span><span data-ccp-props=\"{\"201341983\":0,\"335559739\":160,\"335559740\":259}\"> <\/span><\/p>\n","protected":false},"featured_media":22062,"comment_status":"open","ping_status":"closed","template":"","meta":[],"product_brand":[],"product_cat":[197,219,210,213],"product_tag":[],"class_list":{"0":"post-22551","1":"product","2":"type-product","3":"status-publish","4":"has-post-thumbnail","6":"product_cat-best-sellers-fr","7":"product_cat-contour-des-yeux","8":"product_cat-equilibre-essentiel-fr","9":"product_cat-visage","11":"first","12":"instock","13":"featured","14":"shipping-taxable","15":"purchasable","16":"product-type-simple"},"acf":[],"yoast_head":"<!-- This site is optimized with the Yoast SEO plugin v27.3 - https:\/\/yoast.com\/product\/yoast-seo-wordpress\/ -->\n<title>MICRO-GEL CONTOUR DES YEUX<\/title>\n<meta name=\"description\" content=\"Micro-Gel Contour des Yeux : s\u00e9rum anti-\u00e2ge sp\u00e9cifique pour le contour des yeux. Aide \u00e0 r\u00e9duire tous les signes visibles du vieillissement du contour des yeux : rides, cernes, poches\" \/>\n<meta name=\"robots\" content=\"index, follow, max-snippet:-1, max-image-preview:large, max-video-preview:-1\" \/>\n<link rel=\"canonical\" href=\"https:\/\/www.physiodermie.com\/fr\/shop\/visage\/contour-des-yeux\/contour-des-yeux\/\" \/>\n<meta property=\"og:locale\" content=\"fr_FR\" \/>\n<meta property=\"og:type\" content=\"article\" \/>\n<meta property=\"og:title\" content=\"MICRO-GEL CONTOUR DES YEUX\" \/>\n<meta property=\"og:description\" content=\"Micro-Gel Contour des Yeux : s\u00e9rum anti-\u00e2ge sp\u00e9cifique pour le contour des yeux. Aide \u00e0 r\u00e9duire tous les signes visibles du vieillissement du contour des yeux : rides, cernes, poches\" \/>\n<meta property=\"og:url\" content=\"https:\/\/www.physiodermie.com\/fr\/shop\/visage\/contour-des-yeux\/contour-des-yeux\/\" \/>\n<meta property=\"og:site_name\" content=\"Methode Physiodermie\" \/>\n<meta property=\"article:modified_time\" content=\"2023-10-11T03:32:35+00:00\" \/>\n<meta property=\"og:image\" content=\"https:\/\/www.physiodermie.com\/wp-content\/uploads\/2021\/04\/eye-contour-gel-physiodermie.jpg\" \/>\n\t<meta property=\"og:image:width\" content=\"800\" \/>\n\t<meta property=\"og:image:height\" content=\"1000\" \/>\n\t<meta property=\"og:image:type\" content=\"image\/jpeg\" \/>\n<meta name=\"twitter:card\" content=\"summary_large_image\" \/>\n<meta name=\"twitter:label1\" content=\"Dur\u00e9e de lecture estim\u00e9e\" \/>\n\t<meta name=\"twitter:data1\" content=\"5 minutes\" \/>\n<script type=\"application\/ld+json\" class=\"yoast-schema-graph\">{\"@context\":\"https:\\\/\\\/schema.org\",\"@graph\":[{\"@type\":\"WebPage\",\"@id\":\"https:\\\/\\\/www.physiodermie.com\\\/fr\\\/shop\\\/visage\\\/contour-des-yeux\\\/contour-des-yeux\\\/\",\"url\":\"https:\\\/\\\/www.physiodermie.com\\\/fr\\\/shop\\\/visage\\\/contour-des-yeux\\\/contour-des-yeux\\\/\",\"name\":\"MICRO-GEL CONTOUR DES YEUX\",\"isPartOf\":{\"@id\":\"https:\\\/\\\/www.physiodermie.com\\\/fr\\\/#website\"},\"primaryImageOfPage\":{\"@id\":\"https:\\\/\\\/www.physiodermie.com\\\/fr\\\/shop\\\/visage\\\/contour-des-yeux\\\/contour-des-yeux\\\/#primaryimage\"},\"image\":{\"@id\":\"https:\\\/\\\/www.physiodermie.com\\\/fr\\\/shop\\\/visage\\\/contour-des-yeux\\\/contour-des-yeux\\\/#primaryimage\"},\"thumbnailUrl\":\"https:\\\/\\\/www.physiodermie.com\\\/wp-content\\\/uploads\\\/2021\\\/04\\\/eye-contour-gel-physiodermie.jpg\",\"datePublished\":\"2021-09-28T05:13:45+00:00\",\"dateModified\":\"2023-10-11T03:32:35+00:00\",\"description\":\"Micro-Gel Contour des Yeux : s\u00e9rum anti-\u00e2ge sp\u00e9cifique pour le contour des yeux. Aide \u00e0 r\u00e9duire tous les signes visibles du vieillissement du contour des yeux : rides, cernes, poches\",\"breadcrumb\":{\"@id\":\"https:\\\/\\\/www.physiodermie.com\\\/fr\\\/shop\\\/visage\\\/contour-des-yeux\\\/contour-des-yeux\\\/#breadcrumb\"},\"inLanguage\":\"fr-FR\",\"potentialAction\":[{\"@type\":\"ReadAction\",\"target\":[\"https:\\\/\\\/www.physiodermie.com\\\/fr\\\/shop\\\/visage\\\/contour-des-yeux\\\/contour-des-yeux\\\/\"]}]},{\"@type\":\"ImageObject\",\"inLanguage\":\"fr-FR\",\"@id\":\"https:\\\/\\\/www.physiodermie.com\\\/fr\\\/shop\\\/visage\\\/contour-des-yeux\\\/contour-des-yeux\\\/#primaryimage\",\"url\":\"https:\\\/\\\/www.physiodermie.com\\\/wp-content\\\/uploads\\\/2021\\\/04\\\/eye-contour-gel-physiodermie.jpg\",\"contentUrl\":\"https:\\\/\\\/www.physiodermie.com\\\/wp-content\\\/uploads\\\/2021\\\/04\\\/eye-contour-gel-physiodermie.jpg\",\"width\":800,\"height\":1000,\"caption\":\"Micro-Gel Contour Des Yeux\"},{\"@type\":\"BreadcrumbList\",\"@id\":\"https:\\\/\\\/www.physiodermie.com\\\/fr\\\/shop\\\/visage\\\/contour-des-yeux\\\/contour-des-yeux\\\/#breadcrumb\",\"itemListElement\":[{\"@type\":\"ListItem\",\"position\":1,\"name\":\"Accueil\",\"item\":\"https:\\\/\\\/www.physiodermie.com\\\/fr\\\/\"},{\"@type\":\"ListItem\",\"position\":2,\"name\":\"Acheter Methode Physiodermie en ligne\",\"item\":\"https:\\\/\\\/www.physiodermie.com\\\/fr\\\/boutique-2\\\/\"},{\"@type\":\"ListItem\",\"position\":3,\"name\":\"MICRO-GEL CONTOUR DES YEUX\"}]},{\"@type\":\"WebSite\",\"@id\":\"https:\\\/\\\/www.physiodermie.com\\\/fr\\\/#website\",\"url\":\"https:\\\/\\\/www.physiodermie.com\\\/fr\\\/\",\"name\":\"Methode Physiodermie\",\"description\":\"Performance Skincare Switzerland\",\"publisher\":{\"@id\":\"https:\\\/\\\/www.physiodermie.com\\\/fr\\\/#organization\"},\"potentialAction\":[{\"@type\":\"SearchAction\",\"target\":{\"@type\":\"EntryPoint\",\"urlTemplate\":\"https:\\\/\\\/www.physiodermie.com\\\/fr\\\/?s={search_term_string}\"},\"query-input\":{\"@type\":\"PropertyValueSpecification\",\"valueRequired\":true,\"valueName\":\"search_term_string\"}}],\"inLanguage\":\"fr-FR\"},{\"@type\":\"Organization\",\"@id\":\"https:\\\/\\\/www.physiodermie.com\\\/fr\\\/#organization\",\"name\":\"Laboratoire Sintyl - Gen\u00e8ve\",\"url\":\"https:\\\/\\\/www.physiodermie.com\\\/fr\\\/\",\"logo\":{\"@type\":\"ImageObject\",\"inLanguage\":\"fr-FR\",\"@id\":\"https:\\\/\\\/www.physiodermie.com\\\/fr\\\/#\\\/schema\\\/logo\\\/image\\\/\",\"url\":\"https:\\\/\\\/physiodermie.com\\\/wp-content\\\/uploads\\\/2021\\\/02\\\/methode-physiodermie_logo2x.png\",\"contentUrl\":\"https:\\\/\\\/physiodermie.com\\\/wp-content\\\/uploads\\\/2021\\\/02\\\/methode-physiodermie_logo2x.png\",\"width\":320,\"height\":86,\"caption\":\"Laboratoire Sintyl - Gen\u00e8ve\"},\"image\":{\"@id\":\"https:\\\/\\\/www.physiodermie.com\\\/fr\\\/#\\\/schema\\\/logo\\\/image\\\/\"}}]}<\/script>\n<!-- \/ Yoast SEO plugin. -->","yoast_head_json":{"title":"MICRO-GEL CONTOUR DES YEUX","description":"Micro-Gel Contour des Yeux : s\u00e9rum anti-\u00e2ge sp\u00e9cifique pour le contour des yeux. Aide \u00e0 r\u00e9duire tous les signes visibles du vieillissement du contour des yeux : rides, cernes, poches","robots":{"index":"index","follow":"follow","max-snippet":"max-snippet:-1","max-image-preview":"max-image-preview:large","max-video-preview":"max-video-preview:-1"},"canonical":"https:\/\/www.physiodermie.com\/fr\/shop\/visage\/contour-des-yeux\/contour-des-yeux\/","og_locale":"fr_FR","og_type":"article","og_title":"MICRO-GEL CONTOUR DES YEUX","og_description":"Micro-Gel Contour des Yeux : s\u00e9rum anti-\u00e2ge sp\u00e9cifique pour le contour des yeux. Aide \u00e0 r\u00e9duire tous les signes visibles du vieillissement du contour des yeux : rides, cernes, poches","og_url":"https:\/\/www.physiodermie.com\/fr\/shop\/visage\/contour-des-yeux\/contour-des-yeux\/","og_site_name":"Methode Physiodermie","article_modified_time":"2023-10-11T03:32:35+00:00","og_image":[{"width":800,"height":1000,"url":"https:\/\/www.physiodermie.com\/wp-content\/uploads\/2021\/04\/eye-contour-gel-physiodermie.jpg","type":"image\/jpeg"}],"twitter_card":"summary_large_image","twitter_misc":{"Dur\u00e9e de lecture estim\u00e9e":"5 minutes"},"schema":{"@context":"https:\/\/schema.org","@graph":[{"@type":"WebPage","@id":"https:\/\/www.physiodermie.com\/fr\/shop\/visage\/contour-des-yeux\/contour-des-yeux\/","url":"https:\/\/www.physiodermie.com\/fr\/shop\/visage\/contour-des-yeux\/contour-des-yeux\/","name":"MICRO-GEL CONTOUR DES YEUX","isPartOf":{"@id":"https:\/\/www.physiodermie.com\/fr\/#website"},"primaryImageOfPage":{"@id":"https:\/\/www.physiodermie.com\/fr\/shop\/visage\/contour-des-yeux\/contour-des-yeux\/#primaryimage"},"image":{"@id":"https:\/\/www.physiodermie.com\/fr\/shop\/visage\/contour-des-yeux\/contour-des-yeux\/#primaryimage"},"thumbnailUrl":"https:\/\/www.physiodermie.com\/wp-content\/uploads\/2021\/04\/eye-contour-gel-physiodermie.jpg","datePublished":"2021-09-28T05:13:45+00:00","dateModified":"2023-10-11T03:32:35+00:00","description":"Micro-Gel Contour des Yeux : s\u00e9rum anti-\u00e2ge sp\u00e9cifique pour le contour des yeux. Aide \u00e0 r\u00e9duire tous les signes visibles du vieillissement du contour des yeux : rides, cernes, poches","breadcrumb":{"@id":"https:\/\/www.physiodermie.com\/fr\/shop\/visage\/contour-des-yeux\/contour-des-yeux\/#breadcrumb"},"inLanguage":"fr-FR","potentialAction":[{"@type":"ReadAction","target":["https:\/\/www.physiodermie.com\/fr\/shop\/visage\/contour-des-yeux\/contour-des-yeux\/"]}]},{"@type":"ImageObject","inLanguage":"fr-FR","@id":"https:\/\/www.physiodermie.com\/fr\/shop\/visage\/contour-des-yeux\/contour-des-yeux\/#primaryimage","url":"https:\/\/www.physiodermie.com\/wp-content\/uploads\/2021\/04\/eye-contour-gel-physiodermie.jpg","contentUrl":"https:\/\/www.physiodermie.com\/wp-content\/uploads\/2021\/04\/eye-contour-gel-physiodermie.jpg","width":800,"height":1000,"caption":"Micro-Gel Contour Des Yeux"},{"@type":"BreadcrumbList","@id":"https:\/\/www.physiodermie.com\/fr\/shop\/visage\/contour-des-yeux\/contour-des-yeux\/#breadcrumb","itemListElement":[{"@type":"ListItem","position":1,"name":"Accueil","item":"https:\/\/www.physiodermie.com\/fr\/"},{"@type":"ListItem","position":2,"name":"Acheter Methode Physiodermie en ligne","item":"https:\/\/www.physiodermie.com\/fr\/boutique-2\/"},{"@type":"ListItem","position":3,"name":"MICRO-GEL CONTOUR DES YEUX"}]},{"@type":"WebSite","@id":"https:\/\/www.physiodermie.com\/fr\/#website","url":"https:\/\/www.physiodermie.com\/fr\/","name":"Methode Physiodermie","description":"Performance Skincare Switzerland","publisher":{"@id":"https:\/\/www.physiodermie.com\/fr\/#organization"},"potentialAction":[{"@type":"SearchAction","target":{"@type":"EntryPoint","urlTemplate":"https:\/\/www.physiodermie.com\/fr\/?s={search_term_string}"},"query-input":{"@type":"PropertyValueSpecification","valueRequired":true,"valueName":"search_term_string"}}],"inLanguage":"fr-FR"},{"@type":"Organization","@id":"https:\/\/www.physiodermie.com\/fr\/#organization","name":"Laboratoire Sintyl - Gen\u00e8ve","url":"https:\/\/www.physiodermie.com\/fr\/","logo":{"@type":"ImageObject","inLanguage":"fr-FR","@id":"https:\/\/www.physiodermie.com\/fr\/#\/schema\/logo\/image\/","url":"https:\/\/physiodermie.com\/wp-content\/uploads\/2021\/02\/methode-physiodermie_logo2x.png","contentUrl":"https:\/\/physiodermie.com\/wp-content\/uploads\/2021\/02\/methode-physiodermie_logo2x.png","width":320,"height":86,"caption":"Laboratoire Sintyl - Gen\u00e8ve"},"image":{"@id":"https:\/\/www.physiodermie.com\/fr\/#\/schema\/logo\/image\/"}}]}},"_links":{"self":[{"href":"https:\/\/www.physiodermie.com\/fr\/wp-json\/wp\/v2\/product\/22551","targetHints":{"allow":["GET"]}}],"collection":[{"href":"https:\/\/www.physiodermie.com\/fr\/wp-json\/wp\/v2\/product"}],"about":[{"href":"https:\/\/www.physiodermie.com\/fr\/wp-json\/wp\/v2\/types\/product"}],"replies":[{"embeddable":true,"href":"https:\/\/www.physiodermie.com\/fr\/wp-json\/wp\/v2\/comments?post=22551"}],"wp:featuredmedia":[{"embeddable":true,"href":"https:\/\/www.physiodermie.com\/fr\/wp-json\/wp\/v2\/media\/22062"}],"wp:attachment":[{"href":"https:\/\/www.physiodermie.com\/fr\/wp-json\/wp\/v2\/media?parent=22551"}],"wp:term":[{"taxonomy":"product_brand","embeddable":true,"href":"https:\/\/www.physiodermie.com\/fr\/wp-json\/wp\/v2\/product_brand?post=22551"},{"taxonomy":"product_cat","embeddable":true,"href":"https:\/\/www.physiodermie.com\/fr\/wp-json\/wp\/v2\/product_cat?post=22551"},{"taxonomy":"product_tag","embeddable":true,"href":"https:\/\/www.physiodermie.com\/fr\/wp-json\/wp\/v2\/product_tag?post=22551"}],"curies":[{"name":"wp","href":"https:\/\/api.w.org\/{rel}","templated":true}]}}