{"id":22557,"date":"2021-04-21T08:13:09","date_gmt":"2021-09-28T08:32:05","guid":{"rendered":"https:\/\/physiodermie.com\/produit\/deep-cleansing-balm\/"},"modified":"2023-09-28T09:43:30","modified_gmt":"2023-09-28T07:43:30","slug":"deep-cleansing-balm","status":"publish","type":"product","link":"https:\/\/www.physiodermie.com\/fr\/shop\/visage\/nettoyants-lotions-fr\/deep-cleansing-balm\/","title":{"rendered":"DEEP CLEANSING BALM"},"content":{"rendered":"<div class=\"fusion-fullwidth fullwidth-box fusion-builder-row-1 fusion-flex-container hundred-percent-fullwidth non-hundred-percent-height-scrolling\" style=\"--awb-border-radius-top-left:0px;--awb-border-radius-top-right:0px;--awb-border-radius-bottom-right:0px;--awb-border-radius-bottom-left:0px;--awb-padding-right:0px;--awb-padding-bottom:0px;--awb-padding-left:0px;--awb-background-color:rgba(255,255,255,0);--awb-flex-wrap:wrap;\" ><div class=\"fusion-builder-row fusion-row fusion-flex-align-items-flex-start fusion-flex-content-wrap\" style=\"width:104% !important;max-width:104% !important;margin-left: calc(-4% \/ 2 );margin-right: calc(-4% \/ 2 );\"><div class=\"fusion-layout-column fusion_builder_column fusion-builder-column-0 fusion_builder_column_1_1 1_1 fusion-flex-column\" style=\"--awb-bg-size:cover;--awb-width-large:100%;--awb-margin-top-large:0px;--awb-spacing-right-large:1.92%;--awb-margin-bottom-large:0px;--awb-spacing-left-large:1.92%;--awb-width-medium:100%;--awb-spacing-right-medium:1.92%;--awb-spacing-left-medium:1.92%;--awb-width-small:100%;--awb-spacing-right-small:1.92%;--awb-spacing-left-small:1.92%;\"><div class=\"fusion-column-wrapper fusion-flex-justify-content-flex-start fusion-content-layout-column\"><div class=\"fusion-title title fusion-title-1 fusion-title-center fusion-title-text fusion-title-size-two\"><div class=\"title-sep-container title-sep-container-left\"><div class=\"title-sep sep-single sep-solid\" style=\"border-color:#e0dede;\"><\/div><\/div><span class=\"awb-title-spacer\"><\/span><h2 class=\"fusion-title-heading title-heading-center fusion-responsive-typography-calculated\" style=\"margin:0;--fontSize:38;line-height:1.26;\">Utilisation<\/h2><span class=\"awb-title-spacer\"><\/span><div class=\"title-sep-container title-sep-container-right\"><div class=\"title-sep sep-single sep-solid\" style=\"border-color:#e0dede;\"><\/div><\/div><\/div><div class=\"fusion-tabs fusion-tabs-1 clean nav-is-justified horizontal-tabs icon-position-left mobile-mode-accordion\" style=\"--awb-title-border-radius-top-left:0px;--awb-title-border-radius-top-right:0px;--awb-title-border-radius-bottom-right:0px;--awb-title-border-radius-bottom-left:0px;--awb-inactive-color:#f6f6f6;--awb-background-color:rgba(255,255,255,0);--awb-border-color:#eaeaea;--awb-active-border-color:#000000;\"><div class=\"nav\"><ul class=\"nav-tabs nav-justified\" role=\"tablist\"><li class=\"active\" role=\"presentation\"><a class=\"tab-link\" data-toggle=\"tab\" role=\"tab\" aria-controls=\"tab-ea8e49c311a465e3594\" aria-selected=\"true\" id=\"fusion-tab-application\" href=\"#tab-ea8e49c311a465e3594\"><h4 class=\"fusion-tab-heading\">Application<\/h4><\/a><\/li><li role=\"presentation\"><a class=\"tab-link\" data-toggle=\"tab\" role=\"tab\" aria-controls=\"tab-86d617f5314056ff713\" aria-selected=\"false\" tabindex=\"-1\" id=\"fusion-tab-listed&amp;apos;ingr\u00e9dients\" href=\"#tab-86d617f5314056ff713\"><h4 class=\"fusion-tab-heading\">Liste d&apos;ingr\u00e9dients<\/h4><\/a><\/li><li role=\"presentation\"><a class=\"tab-link\" data-toggle=\"tab\" role=\"tab\" aria-controls=\"tab-c85919df35d8ca120cf\" aria-selected=\"false\" tabindex=\"-1\" id=\"fusion-tab-references\" href=\"#tab-c85919df35d8ca120cf\"><h4 class=\"fusion-tab-heading\">References<\/h4><\/a><\/li><\/ul><\/div><div class=\"tab-content\"><div class=\"nav fusion-mobile-tab-nav\"><ul class=\"nav-tabs nav-justified\" role=\"tablist\"><li class=\"active\" role=\"presentation\"><a class=\"tab-link\" data-toggle=\"tab\" role=\"tab\" aria-controls=\"tab-ea8e49c311a465e3594\" aria-selected=\"true\" id=\"mobile-fusion-tab-application\" href=\"#tab-ea8e49c311a465e3594\"><h4 class=\"fusion-tab-heading\">Application<\/h4><\/a><\/li><\/ul><\/div><div class=\"tab-pane fade fusion-clearfix in active\" role=\"tabpanel\" tabindex=\"0\" aria-labelledby=\"fusion-tab-application\" id=\"tab-ea8e49c311a465e3594\">\n<p>Deux fois par jour (matin et soir)<br \/>\nAppliquer une noisette du Deep Cleansing Balm sur peau s\u00e8che : la texture se transforme en huile au contact de la peau. Masser doucement afin d\u2019enlever le maquillage et les impuret\u00e9s. Ajouter un peu d\u2019eau pour \u00e9mulsionner, l\u2019huile se transforme alors en lait. Rincer abondamment. La couleur du Deep Cleansing Balm peut varier d\u2019une couleur jaune orang\u00e9 p\u00e2le \u00e0 un orange plus fonc\u00e9. Ceci est due aux huiles v\u00e9g\u00e9tales qui peuvent pr\u00e9senter des variations de couleurs et n\u2019alt\u00e8re pas les propri\u00e9t\u00e9s du produit.<\/p>\n<\/div><div class=\"nav fusion-mobile-tab-nav\"><ul class=\"nav-tabs nav-justified\" role=\"tablist\"><li role=\"presentation\"><a class=\"tab-link\" data-toggle=\"tab\" role=\"tab\" aria-controls=\"tab-86d617f5314056ff713\" aria-selected=\"false\" tabindex=\"-1\" id=\"mobile-fusion-tab-listed&amp;apos;ingr\u00e9dients\" href=\"#tab-86d617f5314056ff713\"><h4 class=\"fusion-tab-heading\">Liste d&apos;ingr\u00e9dients<\/h4><\/a><\/li><\/ul><\/div><div class=\"tab-pane fade fusion-clearfix\" role=\"tabpanel\" tabindex=\"0\" aria-labelledby=\"fusion-tab-listed&amp;apos;ingr\u00e9dients\" id=\"tab-86d617f5314056ff713\">\n<p>Helianthus Annuus Seed Oil (Emollient), Glycerin** (Humectant), Sucrose Palmitate (Emollient), Pentylene Glycol (Skin Conditioning Agent), Salvia Hispanica (Chia) Seed Oil* (Skin Conditioning Agent), Tocopherol (Antioxidant).<\/p>\n<p>COSMOS ORGANIC certifi\u00e9 par Ecocert Greenlife selon le r\u00e9f\u00e9rentiel COSMOS.<br \/>\n*ingr\u00e9dient issu de l\u2019Agriculture Biologique<br \/>\n** Fabriqu\u00e9 \u00e0 partir d&rsquo;ingr\u00e9dients biologiques.<br \/>\n95% du total des ingr\u00e9dients sont issus de l\u2019Agriculture Biologique.<br \/>\n100% d&rsquo;ingr\u00e9dients d&rsquo;origine naturelle.<\/p>\n<\/div><div class=\"nav fusion-mobile-tab-nav\"><ul class=\"nav-tabs nav-justified\" role=\"tablist\"><li role=\"presentation\"><a class=\"tab-link\" data-toggle=\"tab\" role=\"tab\" aria-controls=\"tab-c85919df35d8ca120cf\" aria-selected=\"false\" tabindex=\"-1\" id=\"mobile-fusion-tab-references\" href=\"#tab-c85919df35d8ca120cf\"><h4 class=\"fusion-tab-heading\">References<\/h4><\/a><\/li><\/ul><\/div><div class=\"tab-pane fade fusion-clearfix\" role=\"tabpanel\" tabindex=\"0\" aria-labelledby=\"fusion-tab-references\" id=\"tab-c85919df35d8ca120cf\">\n<p><strong>Huile de graines de Chia<\/strong> (extraite des graines de Chia)::<\/p>\n<p>\u00ab Am\u00e9lioration significative de l\u2019hydratation \u00bb<sup>1<\/sup><\/p>\n<p><strong>Tocopherol<\/strong> (extrait d\u2019huiles v\u00e9g\u00e9tales; mol\u00e9cule organique de la vitamine E) :<\/p>\n<p>\u00ab Agit comme un puissant antioxydant, qui prot\u00e8ge les cellules. \u00bb<sup>2<\/sup><\/p>\n<p><em><sup>1<\/sup> Se Kyoo, J. et al. (2010). Effectiveness of topical chia seed oil on pruritus of end-stage renal disease (ESRD) patients and healthy volunteers. Annals of Dermatology 22.2, pp. 143-148.<\/em><\/p>\n<p><em><sup>2<\/sup> K\u00e4ser, H. (2010). Naturkosmetische Rohstoffe, Linz, Verlag Freya, 3. \u00c9dition 2012<\/em><\/p>\n<\/div><\/div><\/div><\/div><\/div><\/div><\/div>\n","protected":false},"excerpt":{"rendered":"<p><strong>COSMOS ORGANIC certifi\u00e9 par Ecocert Greenlife selon le r\u00e9f\u00e9rentiel COSMOS.<\/strong><\/p>\n<h5 class=\"volume\"><strong>100 ml<\/strong><\/h5>\n<h5 class=\"biline\"><strong>Tous types de peaux.<\/strong><br \/>\n<strong>Baume en lait d\u00e9maquillant<\/strong><\/h5>\n<div class=\"woocommerce-product-details__short-description\">\n<p>Une texture gel qui se transforme en une huile douce et soyeuse au contact de la peau, puis s&rsquo;\u00e9mulsionne en un lait velout\u00e9 au contact de l&rsquo;eau. L&rsquo;huile encapsule les r\u00e9sidus (maquillage et impuret\u00e9s) et se transforme ensuite en un lait nettoyant non gras et tr\u00e8s facile \u00e0 rincer.<\/p>\n<p><strong>Avantages:<\/strong> (1) Nettoie la peau en profondeur gr\u00e2ce \u00e0 ses deux \u00e9tapes de nettoyage, associ\u00e9es \u00e0 deux textures : l\u2019huile et le lait. (2) Laisse la peau parfaitement propre, souple et douce, pr\u00eate \u00e0 recevoir le soin suivant.<\/p>\n<p><strong>Actifs: Huile de graines de Chia 1% &#8211; Tocopherol 0.2%<\/strong><\/p>\n<p><span class=\"TextRun BCX0 SCXP177511697\" lang=\"EN-US\" data-scheme-color=\"@000000,1,\" data-usefontface=\"false\" data-contrast=\"none\"><span class=\"NormalTextRun BCX0 SCXP177511697\">Ce qui fait la difference:<\/span><\/span> <span class=\"TextRun BCX0 SCXP177511697\" lang=\"EN-US\" data-scheme-color=\"@000000,1,\" data-usefontface=\"false\" data-contrast=\"none\"><span class=\"NormalTextRun BCX0 SCXP177511697\">l\u2019Huile de graines de Chia, riche en Om\u00e9gas, apaise et reconstitue<\/span><\/span> <span class=\"TextRun BCX0 SCXP177511697\" lang=\"EN-US\" xml:lang=\"EN-US\" data-scheme-color=\"@000000,1,\" data-usefontface=\"false\" data-contrast=\"none\"><span class=\"NormalTextRun BCX0 SCXP177511697\">la barri\u00e8re de la peau. Le Tocoph\u00e9rol (Vitamine E) est reconnu pour ses <\/span><\/span><span class=\"TextRun BCX0 SCXP177511697\" lang=\"EN-US\" xml:lang=\"EN-US\" data-scheme-color=\"@000000,1,\" data-usefontface=\"false\" data-contrast=\"none\"><span class=\"NormalTextRun BCX0 SCXP177511697\">propri\u00e9t\u00e9s anti-oxydantes.<\/span><\/span><\/p>\n<\/div>\n","protected":false},"featured_media":22029,"comment_status":"open","ping_status":"closed","template":"","meta":[],"product_brand":[],"product_cat":[197,209,216,213],"product_tag":[],"class_list":{"0":"post-22557","1":"product","2":"type-product","3":"status-publish","4":"has-post-thumbnail","6":"product_cat-best-sellers-fr","7":"product_cat-clinical-swiss-organics-fr","8":"product_cat-nettoyants-lotions-fr","9":"product_cat-visage","11":"first","12":"instock","13":"featured","14":"shipping-taxable","15":"purchasable","16":"product-type-simple"},"acf":[],"yoast_head":"<!-- This site is optimized with the Yoast SEO plugin v27.5 - https:\/\/yoast.com\/product\/yoast-seo-wordpress\/ -->\n<title>Deep Cleansing Balm To-Milk Make-Up Remover - Physiodermie<\/title>\n<meta name=\"description\" content=\"Deep Cleansing Balm: Tous types de peaux Laisse la peau parfaitement propre, souple et douce, pr\u00eate \u00e0 recevoir les soins suivants.\" \/>\n<meta name=\"robots\" content=\"index, follow, max-snippet:-1, max-image-preview:large, max-video-preview:-1\" \/>\n<link rel=\"canonical\" href=\"https:\/\/www.physiodermie.com\/fr\/shop\/visage\/nettoyants-lotions-fr\/deep-cleansing-balm\/\" \/>\n<meta property=\"og:locale\" content=\"fr_FR\" \/>\n<meta property=\"og:type\" content=\"article\" \/>\n<meta property=\"og:title\" content=\"Deep Cleansing Balm To-Milk Make-Up Remover - Physiodermie\" \/>\n<meta property=\"og:description\" content=\"Deep Cleansing Balm: Tous types de peaux Laisse la peau parfaitement propre, souple et douce, pr\u00eate \u00e0 recevoir les soins suivants.\" \/>\n<meta property=\"og:url\" content=\"https:\/\/www.physiodermie.com\/fr\/shop\/visage\/nettoyants-lotions-fr\/deep-cleansing-balm\/\" \/>\n<meta property=\"og:site_name\" content=\"Methode Physiodermie\" \/>\n<meta property=\"article:modified_time\" content=\"2023-09-28T07:43:30+00:00\" \/>\n<meta property=\"og:image\" content=\"https:\/\/www.physiodermie.com\/wp-content\/uploads\/2021\/04\/deep-cleansing-balm-physiodermie-1.jpg\" \/>\n\t<meta property=\"og:image:width\" content=\"800\" \/>\n\t<meta property=\"og:image:height\" content=\"1000\" \/>\n\t<meta property=\"og:image:type\" content=\"image\/jpeg\" \/>\n<meta name=\"twitter:card\" content=\"summary_large_image\" \/>\n<meta name=\"twitter:label1\" content=\"Dur\u00e9e de lecture estim\u00e9e\" \/>\n\t<meta name=\"twitter:data1\" content=\"4 minutes\" \/>\n<script type=\"application\/ld+json\" class=\"yoast-schema-graph\">{\"@context\":\"https:\\\/\\\/schema.org\",\"@graph\":[{\"@type\":\"WebPage\",\"@id\":\"https:\\\/\\\/www.physiodermie.com\\\/fr\\\/shop\\\/visage\\\/nettoyants-lotions-fr\\\/deep-cleansing-balm\\\/\",\"url\":\"https:\\\/\\\/www.physiodermie.com\\\/fr\\\/shop\\\/visage\\\/nettoyants-lotions-fr\\\/deep-cleansing-balm\\\/\",\"name\":\"Deep Cleansing Balm To-Milk Make-Up Remover - Physiodermie\",\"isPartOf\":{\"@id\":\"https:\\\/\\\/www.physiodermie.com\\\/fr\\\/#website\"},\"primaryImageOfPage\":{\"@id\":\"https:\\\/\\\/www.physiodermie.com\\\/fr\\\/shop\\\/visage\\\/nettoyants-lotions-fr\\\/deep-cleansing-balm\\\/#primaryimage\"},\"image\":{\"@id\":\"https:\\\/\\\/www.physiodermie.com\\\/fr\\\/shop\\\/visage\\\/nettoyants-lotions-fr\\\/deep-cleansing-balm\\\/#primaryimage\"},\"thumbnailUrl\":\"https:\\\/\\\/www.physiodermie.com\\\/wp-content\\\/uploads\\\/2021\\\/04\\\/deep-cleansing-balm-physiodermie-1.jpg\",\"datePublished\":\"2021-09-28T08:32:05+00:00\",\"dateModified\":\"2023-09-28T07:43:30+00:00\",\"description\":\"Deep Cleansing Balm: Tous types de peaux Laisse la peau parfaitement propre, souple et douce, pr\u00eate \u00e0 recevoir les soins suivants.\",\"breadcrumb\":{\"@id\":\"https:\\\/\\\/www.physiodermie.com\\\/fr\\\/shop\\\/visage\\\/nettoyants-lotions-fr\\\/deep-cleansing-balm\\\/#breadcrumb\"},\"inLanguage\":\"fr-FR\",\"potentialAction\":[{\"@type\":\"ReadAction\",\"target\":[\"https:\\\/\\\/www.physiodermie.com\\\/fr\\\/shop\\\/visage\\\/nettoyants-lotions-fr\\\/deep-cleansing-balm\\\/\"]}]},{\"@type\":\"ImageObject\",\"inLanguage\":\"fr-FR\",\"@id\":\"https:\\\/\\\/www.physiodermie.com\\\/fr\\\/shop\\\/visage\\\/nettoyants-lotions-fr\\\/deep-cleansing-balm\\\/#primaryimage\",\"url\":\"https:\\\/\\\/www.physiodermie.com\\\/wp-content\\\/uploads\\\/2021\\\/04\\\/deep-cleansing-balm-physiodermie-1.jpg\",\"contentUrl\":\"https:\\\/\\\/www.physiodermie.com\\\/wp-content\\\/uploads\\\/2021\\\/04\\\/deep-cleansing-balm-physiodermie-1.jpg\",\"width\":800,\"height\":1000,\"caption\":\"Deep Cleansing Balm\"},{\"@type\":\"BreadcrumbList\",\"@id\":\"https:\\\/\\\/www.physiodermie.com\\\/fr\\\/shop\\\/visage\\\/nettoyants-lotions-fr\\\/deep-cleansing-balm\\\/#breadcrumb\",\"itemListElement\":[{\"@type\":\"ListItem\",\"position\":1,\"name\":\"Accueil\",\"item\":\"https:\\\/\\\/www.physiodermie.com\\\/fr\\\/\"},{\"@type\":\"ListItem\",\"position\":2,\"name\":\"Acheter Methode Physiodermie en ligne\",\"item\":\"https:\\\/\\\/www.physiodermie.com\\\/fr\\\/boutique-2\\\/\"},{\"@type\":\"ListItem\",\"position\":3,\"name\":\"DEEP CLEANSING BALM\"}]},{\"@type\":\"WebSite\",\"@id\":\"https:\\\/\\\/www.physiodermie.com\\\/fr\\\/#website\",\"url\":\"https:\\\/\\\/www.physiodermie.com\\\/fr\\\/\",\"name\":\"Methode Physiodermie\",\"description\":\"Performance Skincare Switzerland\",\"publisher\":{\"@id\":\"https:\\\/\\\/www.physiodermie.com\\\/fr\\\/#organization\"},\"potentialAction\":[{\"@type\":\"SearchAction\",\"target\":{\"@type\":\"EntryPoint\",\"urlTemplate\":\"https:\\\/\\\/www.physiodermie.com\\\/fr\\\/?s={search_term_string}\"},\"query-input\":{\"@type\":\"PropertyValueSpecification\",\"valueRequired\":true,\"valueName\":\"search_term_string\"}}],\"inLanguage\":\"fr-FR\"},{\"@type\":\"Organization\",\"@id\":\"https:\\\/\\\/www.physiodermie.com\\\/fr\\\/#organization\",\"name\":\"Laboratoire Sintyl - Gen\u00e8ve\",\"url\":\"https:\\\/\\\/www.physiodermie.com\\\/fr\\\/\",\"logo\":{\"@type\":\"ImageObject\",\"inLanguage\":\"fr-FR\",\"@id\":\"https:\\\/\\\/www.physiodermie.com\\\/fr\\\/#\\\/schema\\\/logo\\\/image\\\/\",\"url\":\"https:\\\/\\\/physiodermie.com\\\/wp-content\\\/uploads\\\/2021\\\/02\\\/methode-physiodermie_logo2x.png\",\"contentUrl\":\"https:\\\/\\\/physiodermie.com\\\/wp-content\\\/uploads\\\/2021\\\/02\\\/methode-physiodermie_logo2x.png\",\"width\":320,\"height\":86,\"caption\":\"Laboratoire Sintyl - Gen\u00e8ve\"},\"image\":{\"@id\":\"https:\\\/\\\/www.physiodermie.com\\\/fr\\\/#\\\/schema\\\/logo\\\/image\\\/\"}}]}<\/script>\n<!-- \/ Yoast SEO plugin. -->","yoast_head_json":{"title":"Deep Cleansing Balm To-Milk Make-Up Remover - Physiodermie","description":"Deep Cleansing Balm: Tous types de peaux Laisse la peau parfaitement propre, souple et douce, pr\u00eate \u00e0 recevoir les soins suivants.","robots":{"index":"index","follow":"follow","max-snippet":"max-snippet:-1","max-image-preview":"max-image-preview:large","max-video-preview":"max-video-preview:-1"},"canonical":"https:\/\/www.physiodermie.com\/fr\/shop\/visage\/nettoyants-lotions-fr\/deep-cleansing-balm\/","og_locale":"fr_FR","og_type":"article","og_title":"Deep Cleansing Balm To-Milk Make-Up Remover - Physiodermie","og_description":"Deep Cleansing Balm: Tous types de peaux Laisse la peau parfaitement propre, souple et douce, pr\u00eate \u00e0 recevoir les soins suivants.","og_url":"https:\/\/www.physiodermie.com\/fr\/shop\/visage\/nettoyants-lotions-fr\/deep-cleansing-balm\/","og_site_name":"Methode Physiodermie","article_modified_time":"2023-09-28T07:43:30+00:00","og_image":[{"width":800,"height":1000,"url":"https:\/\/www.physiodermie.com\/wp-content\/uploads\/2021\/04\/deep-cleansing-balm-physiodermie-1.jpg","type":"image\/jpeg"}],"twitter_card":"summary_large_image","twitter_misc":{"Dur\u00e9e de lecture estim\u00e9e":"4 minutes"},"schema":{"@context":"https:\/\/schema.org","@graph":[{"@type":"WebPage","@id":"https:\/\/www.physiodermie.com\/fr\/shop\/visage\/nettoyants-lotions-fr\/deep-cleansing-balm\/","url":"https:\/\/www.physiodermie.com\/fr\/shop\/visage\/nettoyants-lotions-fr\/deep-cleansing-balm\/","name":"Deep Cleansing Balm To-Milk Make-Up Remover - Physiodermie","isPartOf":{"@id":"https:\/\/www.physiodermie.com\/fr\/#website"},"primaryImageOfPage":{"@id":"https:\/\/www.physiodermie.com\/fr\/shop\/visage\/nettoyants-lotions-fr\/deep-cleansing-balm\/#primaryimage"},"image":{"@id":"https:\/\/www.physiodermie.com\/fr\/shop\/visage\/nettoyants-lotions-fr\/deep-cleansing-balm\/#primaryimage"},"thumbnailUrl":"https:\/\/www.physiodermie.com\/wp-content\/uploads\/2021\/04\/deep-cleansing-balm-physiodermie-1.jpg","datePublished":"2021-09-28T08:32:05+00:00","dateModified":"2023-09-28T07:43:30+00:00","description":"Deep Cleansing Balm: Tous types de peaux Laisse la peau parfaitement propre, souple et douce, pr\u00eate \u00e0 recevoir les soins suivants.","breadcrumb":{"@id":"https:\/\/www.physiodermie.com\/fr\/shop\/visage\/nettoyants-lotions-fr\/deep-cleansing-balm\/#breadcrumb"},"inLanguage":"fr-FR","potentialAction":[{"@type":"ReadAction","target":["https:\/\/www.physiodermie.com\/fr\/shop\/visage\/nettoyants-lotions-fr\/deep-cleansing-balm\/"]}]},{"@type":"ImageObject","inLanguage":"fr-FR","@id":"https:\/\/www.physiodermie.com\/fr\/shop\/visage\/nettoyants-lotions-fr\/deep-cleansing-balm\/#primaryimage","url":"https:\/\/www.physiodermie.com\/wp-content\/uploads\/2021\/04\/deep-cleansing-balm-physiodermie-1.jpg","contentUrl":"https:\/\/www.physiodermie.com\/wp-content\/uploads\/2021\/04\/deep-cleansing-balm-physiodermie-1.jpg","width":800,"height":1000,"caption":"Deep Cleansing Balm"},{"@type":"BreadcrumbList","@id":"https:\/\/www.physiodermie.com\/fr\/shop\/visage\/nettoyants-lotions-fr\/deep-cleansing-balm\/#breadcrumb","itemListElement":[{"@type":"ListItem","position":1,"name":"Accueil","item":"https:\/\/www.physiodermie.com\/fr\/"},{"@type":"ListItem","position":2,"name":"Acheter Methode Physiodermie en ligne","item":"https:\/\/www.physiodermie.com\/fr\/boutique-2\/"},{"@type":"ListItem","position":3,"name":"DEEP CLEANSING BALM"}]},{"@type":"WebSite","@id":"https:\/\/www.physiodermie.com\/fr\/#website","url":"https:\/\/www.physiodermie.com\/fr\/","name":"Methode Physiodermie","description":"Performance Skincare Switzerland","publisher":{"@id":"https:\/\/www.physiodermie.com\/fr\/#organization"},"potentialAction":[{"@type":"SearchAction","target":{"@type":"EntryPoint","urlTemplate":"https:\/\/www.physiodermie.com\/fr\/?s={search_term_string}"},"query-input":{"@type":"PropertyValueSpecification","valueRequired":true,"valueName":"search_term_string"}}],"inLanguage":"fr-FR"},{"@type":"Organization","@id":"https:\/\/www.physiodermie.com\/fr\/#organization","name":"Laboratoire Sintyl - Gen\u00e8ve","url":"https:\/\/www.physiodermie.com\/fr\/","logo":{"@type":"ImageObject","inLanguage":"fr-FR","@id":"https:\/\/www.physiodermie.com\/fr\/#\/schema\/logo\/image\/","url":"https:\/\/physiodermie.com\/wp-content\/uploads\/2021\/02\/methode-physiodermie_logo2x.png","contentUrl":"https:\/\/physiodermie.com\/wp-content\/uploads\/2021\/02\/methode-physiodermie_logo2x.png","width":320,"height":86,"caption":"Laboratoire Sintyl - Gen\u00e8ve"},"image":{"@id":"https:\/\/www.physiodermie.com\/fr\/#\/schema\/logo\/image\/"}}]}},"_links":{"self":[{"href":"https:\/\/www.physiodermie.com\/fr\/wp-json\/wp\/v2\/product\/22557","targetHints":{"allow":["GET"]}}],"collection":[{"href":"https:\/\/www.physiodermie.com\/fr\/wp-json\/wp\/v2\/product"}],"about":[{"href":"https:\/\/www.physiodermie.com\/fr\/wp-json\/wp\/v2\/types\/product"}],"replies":[{"embeddable":true,"href":"https:\/\/www.physiodermie.com\/fr\/wp-json\/wp\/v2\/comments?post=22557"}],"wp:featuredmedia":[{"embeddable":true,"href":"https:\/\/www.physiodermie.com\/fr\/wp-json\/wp\/v2\/media\/22029"}],"wp:attachment":[{"href":"https:\/\/www.physiodermie.com\/fr\/wp-json\/wp\/v2\/media?parent=22557"}],"wp:term":[{"taxonomy":"product_brand","embeddable":true,"href":"https:\/\/www.physiodermie.com\/fr\/wp-json\/wp\/v2\/product_brand?post=22557"},{"taxonomy":"product_cat","embeddable":true,"href":"https:\/\/www.physiodermie.com\/fr\/wp-json\/wp\/v2\/product_cat?post=22557"},{"taxonomy":"product_tag","embeddable":true,"href":"https:\/\/www.physiodermie.com\/fr\/wp-json\/wp\/v2\/product_tag?post=22557"}],"curies":[{"name":"wp","href":"https:\/\/api.w.org\/{rel}","templated":true}]}}