{"id":22597,"date":"2021-04-13T14:20:09","date_gmt":"2021-09-30T09:00:10","guid":{"rendered":"https:\/\/physiodermie.com\/produit\/concentre-essentiel-hydro-tonifiant\/"},"modified":"2024-09-13T10:30:32","modified_gmt":"2024-09-13T08:30:32","slug":"concentre-essentiel-hydro-tonifiant","status":"publish","type":"product","link":"https:\/\/www.physiodermie.com\/fr\/shop\/equilibre-essentiel\/concentre-essentiel-hydro-tonifiant\/","title":{"rendered":"CONCENTR\u00c9 ESSENTIEL HYDRO-TONIFIANT"},"content":{"rendered":"<div class=\"fusion-fullwidth fullwidth-box fusion-builder-row-1 fusion-flex-container hundred-percent-fullwidth non-hundred-percent-height-scrolling\" style=\"--awb-border-radius-top-left:0px;--awb-border-radius-top-right:0px;--awb-border-radius-bottom-right:0px;--awb-border-radius-bottom-left:0px;--awb-padding-right:0px;--awb-padding-bottom:0px;--awb-padding-left:0px;--awb-background-color:rgba(255,255,255,0);--awb-flex-wrap:wrap;\" ><div class=\"fusion-builder-row fusion-row fusion-flex-align-items-flex-start fusion-flex-content-wrap\" style=\"width:104% !important;max-width:104% !important;margin-left: calc(-4% \/ 2 );margin-right: calc(-4% \/ 2 );\"><div class=\"fusion-layout-column fusion_builder_column fusion-builder-column-0 fusion_builder_column_1_1 1_1 fusion-flex-column\" style=\"--awb-bg-size:cover;--awb-width-large:100%;--awb-margin-top-large:0px;--awb-spacing-right-large:1.92%;--awb-margin-bottom-large:0px;--awb-spacing-left-large:1.92%;--awb-width-medium:100%;--awb-spacing-right-medium:1.92%;--awb-spacing-left-medium:1.92%;--awb-width-small:100%;--awb-spacing-right-small:1.92%;--awb-spacing-left-small:1.92%;\"><div class=\"fusion-column-wrapper fusion-flex-justify-content-flex-start fusion-content-layout-column\"><div class=\"fusion-title title fusion-title-1 fusion-title-center fusion-title-text fusion-title-size-two\"><div class=\"title-sep-container title-sep-container-left\"><div class=\"title-sep sep-single sep-solid\" style=\"border-color:#e0dede;\"><\/div><\/div><span class=\"awb-title-spacer\"><\/span><h2 class=\"fusion-title-heading title-heading-center fusion-responsive-typography-calculated\" style=\"margin:0;--fontSize:38;line-height:1.26;\">Utilisation<\/h2><span class=\"awb-title-spacer\"><\/span><div class=\"title-sep-container title-sep-container-right\"><div class=\"title-sep sep-single sep-solid\" style=\"border-color:#e0dede;\"><\/div><\/div><\/div><div class=\"fusion-tabs fusion-tabs-1 clean nav-is-justified horizontal-tabs icon-position-left mobile-mode-accordion\" style=\"--awb-title-border-radius-top-left:0px;--awb-title-border-radius-top-right:0px;--awb-title-border-radius-bottom-right:0px;--awb-title-border-radius-bottom-left:0px;--awb-alignment:start;--awb-inactive-color:#f6f6f6;--awb-background-color:rgba(255,255,255,0);--awb-border-color:#eaeaea;--awb-active-border-color:#000000;\"><div class=\"nav\"><ul class=\"nav-tabs nav-justified\" role=\"tablist\"><li class=\"active\" role=\"presentation\"><a class=\"tab-link\" data-toggle=\"tab\" role=\"tab\" aria-controls=\"tab-65ab428cdfb0b0102f7\" aria-selected=\"true\" id=\"fusion-tab-application\" href=\"#tab-65ab428cdfb0b0102f7\"><h4 class=\"fusion-tab-heading\">Application<\/h4><\/a><\/li><li role=\"presentation\"><a class=\"tab-link\" data-toggle=\"tab\" role=\"tab\" aria-controls=\"tab-33a3e4ac3ce12e65122\" aria-selected=\"false\" tabindex=\"-1\" id=\"fusion-tab-listed&amp;apos;ingr\u00e9dients\" href=\"#tab-33a3e4ac3ce12e65122\"><h4 class=\"fusion-tab-heading\">Liste d&apos;ingr\u00e9dients<\/h4><\/a><\/li><li role=\"presentation\"><a class=\"tab-link\" data-toggle=\"tab\" role=\"tab\" aria-controls=\"tab-58aaaf7ecaaa00c3bd1\" aria-selected=\"false\" tabindex=\"-1\" id=\"fusion-tab-technologies\" href=\"#tab-58aaaf7ecaaa00c3bd1\"><h4 class=\"fusion-tab-heading\">Technologies<\/h4><\/a><\/li><\/ul><\/div><div class=\"tab-content\"><div class=\"nav fusion-mobile-tab-nav\"><ul class=\"nav-tabs nav-justified\" role=\"tablist\"><li class=\"active\" role=\"presentation\"><a class=\"tab-link\" data-toggle=\"tab\" role=\"tab\" aria-controls=\"tab-65ab428cdfb0b0102f7\" aria-selected=\"true\" id=\"mobile-fusion-tab-application\" href=\"#tab-65ab428cdfb0b0102f7\"><h4 class=\"fusion-tab-heading\">Application<\/h4><\/a><\/li><\/ul><\/div><div class=\"tab-pane fade fusion-clearfix in active\" role=\"tabpanel\" tabindex=\"0\" aria-labelledby=\"fusion-tab-application\" id=\"tab-65ab428cdfb0b0102f7\">\n<div class=\"lmt__textarea_base_style\"> Le matin et le soir, sur peau propre et s\u00e8che, appliquer directement sur l\u2019ensemble du visage et du cou, en fermant les yeux. Conseil Physiodermie: Proc\u00e9der au nettoyage et au d\u00e9maquillage avec les nettoyants et d\u00e9maquillants Physiodermie. Soins sp\u00e9cifiques : choisissez l\u2019\u00e9mulsion correspondante \u00e0 votre peau et n\u2019h\u00e9sitez pas \u00e0 y ajouter un Bioarome ou un autre booster afin de traiter un besoin cibl\u00e9. <\/div>\n<\/div><div class=\"nav fusion-mobile-tab-nav\"><ul class=\"nav-tabs nav-justified\" role=\"tablist\"><li role=\"presentation\"><a class=\"tab-link\" data-toggle=\"tab\" role=\"tab\" aria-controls=\"tab-33a3e4ac3ce12e65122\" aria-selected=\"false\" tabindex=\"-1\" id=\"mobile-fusion-tab-listed&amp;apos;ingr\u00e9dients\" href=\"#tab-33a3e4ac3ce12e65122\"><h4 class=\"fusion-tab-heading\">Liste d&apos;ingr\u00e9dients<\/h4><\/a><\/li><\/ul><\/div><div class=\"tab-pane fade fusion-clearfix\" role=\"tabpanel\" tabindex=\"0\" aria-labelledby=\"fusion-tab-listed&amp;apos;ingr\u00e9dients\" id=\"tab-33a3e4ac3ce12e65122\">\n<p>Aqua (Water), Methylpropanediol, Propylene Glycol, Polysorbate 20, Hydrolyzed Glycosaminoglycans, Butylene Glycol, Phenoxyethanol, 1,2-Hexanediol, Parfum (Fragrance), Ethylhexylglycerin, Caprylhydroxamic Acid, Glycerin, Alpha-glucan Oligosaccharide, Sodium Hyaluronate, Hydrogenated Starch Hydrolysate, Methylglucoside Phosphate, Copper Lysinate\/Prolinate, Polyquaternium-51, Sodium Phosphate, Yeast Extract, Benzyl Salicylate, Linalool, Limonene, Hexyl Cinnamal, Alpha-isomethyl Ionone, Coumarin. *Nos formules pouvant \u00eatre amen\u00e9es \u00e0 \u00e9voluer, veuillez vous reporter \u00e9galement \u00e0 la liste d\u2019ingr\u00e9dients figurant sur l\u2019emballage du produit et faisant seule foi.<\/p>\n<\/div><div class=\"nav fusion-mobile-tab-nav\"><ul class=\"nav-tabs nav-justified\" role=\"tablist\"><li role=\"presentation\"><a class=\"tab-link\" data-toggle=\"tab\" role=\"tab\" aria-controls=\"tab-58aaaf7ecaaa00c3bd1\" aria-selected=\"false\" tabindex=\"-1\" id=\"mobile-fusion-tab-technologies\" href=\"#tab-58aaaf7ecaaa00c3bd1\"><h4 class=\"fusion-tab-heading\">Technologies<\/h4><\/a><\/li><\/ul><\/div><div class=\"tab-pane fade fusion-clearfix\" role=\"tabpanel\" tabindex=\"0\" aria-labelledby=\"fusion-tab-technologies\" id=\"tab-58aaaf7ecaaa00c3bd1\">\n<p>Concept E3C : Equilibre \/ Energie \/ Respect de l\u2019\u00c9cosyst\u00e8me Cutan\u00e9<\/p>\n<\/div><\/div><\/div><\/div><\/div><\/div><\/div>\n","protected":false},"excerpt":{"rendered":"<h5 class=\"volume\"><strong>50 ml<\/strong><\/h5>\n<div class=\"woocommerce-product-details__short-description\">\n<div class=\"woocommerce-product-details__short-description\">\n<div class=\"woocommerce-product-details__short-description\">\n<div class=\"woocommerce-product-details__short-description\">\n<h5 class=\"biline\"><strong>Pour les peaux s\u00e8ches, d\u00e9shydrat\u00e9es et d\u00e9vitalis\u00e9es <\/strong><strong>Hydratant, repulpant, tonifiant<\/strong><\/h5>\n<div class=\"woocommerce-product-details__short-description\"> Riche en complexes hydratants et tonifiants tels que l\u2019acide hyaluronique et les glycosaminoglycanes, le Concentr\u00e9 Essentiel Hydro-Tonifiant est une brume booster \u00e0 effet hydratant intense, repulpant et tonifiant. Formul\u00e9 pour restaurer et prot\u00e9ger la barri\u00e8re d&rsquo;hydratation de la peau. La peau retrouve souplesse, tonicit\u00e9 et fermet\u00e9. Le teint est radieux. <\/div>\n<div class=\"woocommerce-product-details__short-description\">\n<div class=\"lmt__inner_textarea_container\" title=\"Cliquez sur un mot pour voir les autres traductions possibles\">\n<div class=\"lmt__textarea_base_style\">\n<div class=\"lmt__inner_textarea_container\" title=\"Cliquez sur un mot pour voir les autres traductions possibles\">\n<div class=\"lmt__textarea_base_style\">\n<div class=\"lmt__inner_textarea_container\" title=\"Cliquez sur un mot pour voir les autres traductions possibles\">\n<div class=\"lmt__textarea_base_style\"><strong><strong><strong><strong>Avantages<\/strong><\/strong><\/strong><\/strong>: (1) Hydrate et raffermit l\u2019\u00e9piderme pour estomper les ridules, (2) Reconstruit la texture naturelle de l\u2019\u00e9piderme, (3) La peau est visiblement repulp\u00e9e et \u00e9clatante, (4) Am\u00e9liore l\u2019\u00e9clat du teint.<\/div>\n<\/div>\n<\/div>\n<\/div>\n<\/div>\n<\/div>\n<\/div>\n<\/div>\n<\/div>\n<\/div>\n<\/div>\n<div><\/div>\n<div><strong>Actifs: Complexe Exclusif PCbG Equilibrant, Revitalisant, Protecteur Acide hyaluronique et glycosaminoglycanes Complexe hydratant similaire au facteur hydratant naturel de la peau.<\/strong><\/div>\n","protected":false},"featured_media":21740,"comment_status":"open","ping_status":"closed","template":"","meta":[],"product_brand":[],"product_cat":[215,210,213],"product_tag":[],"class_list":{"0":"post-22597","1":"product","2":"type-product","3":"status-publish","4":"has-post-thumbnail","6":"product_cat-boosters-fr","7":"product_cat-equilibre-essentiel","8":"product_cat-visage","10":"first","11":"instock","12":"featured","13":"shipping-taxable","14":"purchasable","15":"product-type-simple"},"acf":[],"yoast_head":"<!-- This site is optimized with the Yoast SEO plugin v27.4 - https:\/\/yoast.com\/product\/yoast-seo-wordpress\/ -->\n<title>Concentr\u00e9 Essentiel Hydro-Tonifiant - Physiodermie<\/title>\n<meta name=\"description\" content=\"Concentr\u00e9 essentiel - Brume de rappel d\u2019acide hyaluronique avec un effet hydratant, repulpant et tonifiant intense. Pour restaurer la barri\u00e8re d\u2019hydratation de la peau.\" \/>\n<meta name=\"robots\" content=\"index, follow, max-snippet:-1, max-image-preview:large, max-video-preview:-1\" \/>\n<link rel=\"canonical\" href=\"https:\/\/www.physiodermie.com\/fr\/shop\/equilibre-essentiel\/concentre-essentiel-hydro-tonifiant\/\" \/>\n<meta property=\"og:locale\" content=\"fr_FR\" \/>\n<meta property=\"og:type\" content=\"article\" \/>\n<meta property=\"og:title\" content=\"Concentr\u00e9 Essentiel Hydro-Tonifiant - Physiodermie\" \/>\n<meta property=\"og:description\" content=\"Concentr\u00e9 essentiel - Brume de rappel d\u2019acide hyaluronique avec un effet hydratant, repulpant et tonifiant intense. Pour restaurer la barri\u00e8re d\u2019hydratation de la peau.\" \/>\n<meta property=\"og:url\" content=\"https:\/\/www.physiodermie.com\/fr\/shop\/equilibre-essentiel\/concentre-essentiel-hydro-tonifiant\/\" \/>\n<meta property=\"og:site_name\" content=\"Methode Physiodermie\" \/>\n<meta property=\"article:modified_time\" content=\"2024-09-13T08:30:32+00:00\" \/>\n<meta property=\"og:image\" content=\"https:\/\/www.physiodermie.com\/wp-content\/uploads\/2021\/04\/essential-concentrate-hydro-tonifying-physiodermie.jpg\" \/>\n\t<meta property=\"og:image:width\" content=\"800\" \/>\n\t<meta property=\"og:image:height\" content=\"1000\" \/>\n\t<meta property=\"og:image:type\" content=\"image\/jpeg\" \/>\n<meta name=\"twitter:card\" content=\"summary_large_image\" \/>\n<meta name=\"twitter:label1\" content=\"Dur\u00e9e de lecture estim\u00e9e\" \/>\n\t<meta name=\"twitter:data1\" content=\"5 minutes\" \/>\n<script type=\"application\/ld+json\" class=\"yoast-schema-graph\">{\"@context\":\"https:\\\/\\\/schema.org\",\"@graph\":[{\"@type\":\"WebPage\",\"@id\":\"https:\\\/\\\/www.physiodermie.com\\\/fr\\\/shop\\\/equilibre-essentiel\\\/concentre-essentiel-hydro-tonifiant\\\/\",\"url\":\"https:\\\/\\\/www.physiodermie.com\\\/fr\\\/shop\\\/equilibre-essentiel\\\/concentre-essentiel-hydro-tonifiant\\\/\",\"name\":\"Concentr\u00e9 Essentiel Hydro-Tonifiant - Physiodermie\",\"isPartOf\":{\"@id\":\"https:\\\/\\\/www.physiodermie.com\\\/fr\\\/#website\"},\"primaryImageOfPage\":{\"@id\":\"https:\\\/\\\/www.physiodermie.com\\\/fr\\\/shop\\\/equilibre-essentiel\\\/concentre-essentiel-hydro-tonifiant\\\/#primaryimage\"},\"image\":{\"@id\":\"https:\\\/\\\/www.physiodermie.com\\\/fr\\\/shop\\\/equilibre-essentiel\\\/concentre-essentiel-hydro-tonifiant\\\/#primaryimage\"},\"thumbnailUrl\":\"https:\\\/\\\/www.physiodermie.com\\\/wp-content\\\/uploads\\\/2021\\\/04\\\/essential-concentrate-hydro-tonifying-physiodermie.jpg\",\"datePublished\":\"2021-09-30T09:00:10+00:00\",\"dateModified\":\"2024-09-13T08:30:32+00:00\",\"description\":\"Concentr\u00e9 essentiel - Brume de rappel d\u2019acide hyaluronique avec un effet hydratant, repulpant et tonifiant intense. Pour restaurer la barri\u00e8re d\u2019hydratation de la peau.\",\"breadcrumb\":{\"@id\":\"https:\\\/\\\/www.physiodermie.com\\\/fr\\\/shop\\\/equilibre-essentiel\\\/concentre-essentiel-hydro-tonifiant\\\/#breadcrumb\"},\"inLanguage\":\"fr-FR\",\"potentialAction\":[{\"@type\":\"ReadAction\",\"target\":[\"https:\\\/\\\/www.physiodermie.com\\\/fr\\\/shop\\\/equilibre-essentiel\\\/concentre-essentiel-hydro-tonifiant\\\/\"]}]},{\"@type\":\"ImageObject\",\"inLanguage\":\"fr-FR\",\"@id\":\"https:\\\/\\\/www.physiodermie.com\\\/fr\\\/shop\\\/equilibre-essentiel\\\/concentre-essentiel-hydro-tonifiant\\\/#primaryimage\",\"url\":\"https:\\\/\\\/www.physiodermie.com\\\/wp-content\\\/uploads\\\/2021\\\/04\\\/essential-concentrate-hydro-tonifying-physiodermie.jpg\",\"contentUrl\":\"https:\\\/\\\/www.physiodermie.com\\\/wp-content\\\/uploads\\\/2021\\\/04\\\/essential-concentrate-hydro-tonifying-physiodermie.jpg\",\"width\":800,\"height\":1000,\"caption\":\"Essential Concentrate Hydro-Tonifying\"},{\"@type\":\"BreadcrumbList\",\"@id\":\"https:\\\/\\\/www.physiodermie.com\\\/fr\\\/shop\\\/equilibre-essentiel\\\/concentre-essentiel-hydro-tonifiant\\\/#breadcrumb\",\"itemListElement\":[{\"@type\":\"ListItem\",\"position\":1,\"name\":\"Accueil\",\"item\":\"https:\\\/\\\/www.physiodermie.com\\\/fr\\\/\"},{\"@type\":\"ListItem\",\"position\":2,\"name\":\"Acheter Methode Physiodermie en ligne\",\"item\":\"https:\\\/\\\/www.physiodermie.com\\\/fr\\\/boutique-2\\\/\"},{\"@type\":\"ListItem\",\"position\":3,\"name\":\"CONCENTR\u00c9 ESSENTIEL HYDRO-TONIFIANT\"}]},{\"@type\":\"WebSite\",\"@id\":\"https:\\\/\\\/www.physiodermie.com\\\/fr\\\/#website\",\"url\":\"https:\\\/\\\/www.physiodermie.com\\\/fr\\\/\",\"name\":\"Methode Physiodermie\",\"description\":\"Performance Skincare Switzerland\",\"publisher\":{\"@id\":\"https:\\\/\\\/www.physiodermie.com\\\/fr\\\/#organization\"},\"potentialAction\":[{\"@type\":\"SearchAction\",\"target\":{\"@type\":\"EntryPoint\",\"urlTemplate\":\"https:\\\/\\\/www.physiodermie.com\\\/fr\\\/?s={search_term_string}\"},\"query-input\":{\"@type\":\"PropertyValueSpecification\",\"valueRequired\":true,\"valueName\":\"search_term_string\"}}],\"inLanguage\":\"fr-FR\"},{\"@type\":\"Organization\",\"@id\":\"https:\\\/\\\/www.physiodermie.com\\\/fr\\\/#organization\",\"name\":\"Laboratoire Sintyl - Gen\u00e8ve\",\"url\":\"https:\\\/\\\/www.physiodermie.com\\\/fr\\\/\",\"logo\":{\"@type\":\"ImageObject\",\"inLanguage\":\"fr-FR\",\"@id\":\"https:\\\/\\\/www.physiodermie.com\\\/fr\\\/#\\\/schema\\\/logo\\\/image\\\/\",\"url\":\"https:\\\/\\\/physiodermie.com\\\/wp-content\\\/uploads\\\/2021\\\/02\\\/methode-physiodermie_logo2x.png\",\"contentUrl\":\"https:\\\/\\\/physiodermie.com\\\/wp-content\\\/uploads\\\/2021\\\/02\\\/methode-physiodermie_logo2x.png\",\"width\":320,\"height\":86,\"caption\":\"Laboratoire Sintyl - Gen\u00e8ve\"},\"image\":{\"@id\":\"https:\\\/\\\/www.physiodermie.com\\\/fr\\\/#\\\/schema\\\/logo\\\/image\\\/\"}}]}<\/script>\n<!-- \/ Yoast SEO plugin. -->","yoast_head_json":{"title":"Concentr\u00e9 Essentiel Hydro-Tonifiant - Physiodermie","description":"Concentr\u00e9 essentiel - Brume de rappel d\u2019acide hyaluronique avec un effet hydratant, repulpant et tonifiant intense. Pour restaurer la barri\u00e8re d\u2019hydratation de la peau.","robots":{"index":"index","follow":"follow","max-snippet":"max-snippet:-1","max-image-preview":"max-image-preview:large","max-video-preview":"max-video-preview:-1"},"canonical":"https:\/\/www.physiodermie.com\/fr\/shop\/equilibre-essentiel\/concentre-essentiel-hydro-tonifiant\/","og_locale":"fr_FR","og_type":"article","og_title":"Concentr\u00e9 Essentiel Hydro-Tonifiant - Physiodermie","og_description":"Concentr\u00e9 essentiel - Brume de rappel d\u2019acide hyaluronique avec un effet hydratant, repulpant et tonifiant intense. Pour restaurer la barri\u00e8re d\u2019hydratation de la peau.","og_url":"https:\/\/www.physiodermie.com\/fr\/shop\/equilibre-essentiel\/concentre-essentiel-hydro-tonifiant\/","og_site_name":"Methode Physiodermie","article_modified_time":"2024-09-13T08:30:32+00:00","og_image":[{"width":800,"height":1000,"url":"https:\/\/www.physiodermie.com\/wp-content\/uploads\/2021\/04\/essential-concentrate-hydro-tonifying-physiodermie.jpg","type":"image\/jpeg"}],"twitter_card":"summary_large_image","twitter_misc":{"Dur\u00e9e de lecture estim\u00e9e":"5 minutes"},"schema":{"@context":"https:\/\/schema.org","@graph":[{"@type":"WebPage","@id":"https:\/\/www.physiodermie.com\/fr\/shop\/equilibre-essentiel\/concentre-essentiel-hydro-tonifiant\/","url":"https:\/\/www.physiodermie.com\/fr\/shop\/equilibre-essentiel\/concentre-essentiel-hydro-tonifiant\/","name":"Concentr\u00e9 Essentiel Hydro-Tonifiant - Physiodermie","isPartOf":{"@id":"https:\/\/www.physiodermie.com\/fr\/#website"},"primaryImageOfPage":{"@id":"https:\/\/www.physiodermie.com\/fr\/shop\/equilibre-essentiel\/concentre-essentiel-hydro-tonifiant\/#primaryimage"},"image":{"@id":"https:\/\/www.physiodermie.com\/fr\/shop\/equilibre-essentiel\/concentre-essentiel-hydro-tonifiant\/#primaryimage"},"thumbnailUrl":"https:\/\/www.physiodermie.com\/wp-content\/uploads\/2021\/04\/essential-concentrate-hydro-tonifying-physiodermie.jpg","datePublished":"2021-09-30T09:00:10+00:00","dateModified":"2024-09-13T08:30:32+00:00","description":"Concentr\u00e9 essentiel - Brume de rappel d\u2019acide hyaluronique avec un effet hydratant, repulpant et tonifiant intense. Pour restaurer la barri\u00e8re d\u2019hydratation de la peau.","breadcrumb":{"@id":"https:\/\/www.physiodermie.com\/fr\/shop\/equilibre-essentiel\/concentre-essentiel-hydro-tonifiant\/#breadcrumb"},"inLanguage":"fr-FR","potentialAction":[{"@type":"ReadAction","target":["https:\/\/www.physiodermie.com\/fr\/shop\/equilibre-essentiel\/concentre-essentiel-hydro-tonifiant\/"]}]},{"@type":"ImageObject","inLanguage":"fr-FR","@id":"https:\/\/www.physiodermie.com\/fr\/shop\/equilibre-essentiel\/concentre-essentiel-hydro-tonifiant\/#primaryimage","url":"https:\/\/www.physiodermie.com\/wp-content\/uploads\/2021\/04\/essential-concentrate-hydro-tonifying-physiodermie.jpg","contentUrl":"https:\/\/www.physiodermie.com\/wp-content\/uploads\/2021\/04\/essential-concentrate-hydro-tonifying-physiodermie.jpg","width":800,"height":1000,"caption":"Essential Concentrate Hydro-Tonifying"},{"@type":"BreadcrumbList","@id":"https:\/\/www.physiodermie.com\/fr\/shop\/equilibre-essentiel\/concentre-essentiel-hydro-tonifiant\/#breadcrumb","itemListElement":[{"@type":"ListItem","position":1,"name":"Accueil","item":"https:\/\/www.physiodermie.com\/fr\/"},{"@type":"ListItem","position":2,"name":"Acheter Methode Physiodermie en ligne","item":"https:\/\/www.physiodermie.com\/fr\/boutique-2\/"},{"@type":"ListItem","position":3,"name":"CONCENTR\u00c9 ESSENTIEL HYDRO-TONIFIANT"}]},{"@type":"WebSite","@id":"https:\/\/www.physiodermie.com\/fr\/#website","url":"https:\/\/www.physiodermie.com\/fr\/","name":"Methode Physiodermie","description":"Performance Skincare Switzerland","publisher":{"@id":"https:\/\/www.physiodermie.com\/fr\/#organization"},"potentialAction":[{"@type":"SearchAction","target":{"@type":"EntryPoint","urlTemplate":"https:\/\/www.physiodermie.com\/fr\/?s={search_term_string}"},"query-input":{"@type":"PropertyValueSpecification","valueRequired":true,"valueName":"search_term_string"}}],"inLanguage":"fr-FR"},{"@type":"Organization","@id":"https:\/\/www.physiodermie.com\/fr\/#organization","name":"Laboratoire Sintyl - Gen\u00e8ve","url":"https:\/\/www.physiodermie.com\/fr\/","logo":{"@type":"ImageObject","inLanguage":"fr-FR","@id":"https:\/\/www.physiodermie.com\/fr\/#\/schema\/logo\/image\/","url":"https:\/\/physiodermie.com\/wp-content\/uploads\/2021\/02\/methode-physiodermie_logo2x.png","contentUrl":"https:\/\/physiodermie.com\/wp-content\/uploads\/2021\/02\/methode-physiodermie_logo2x.png","width":320,"height":86,"caption":"Laboratoire Sintyl - Gen\u00e8ve"},"image":{"@id":"https:\/\/www.physiodermie.com\/fr\/#\/schema\/logo\/image\/"}}]}},"_links":{"self":[{"href":"https:\/\/www.physiodermie.com\/fr\/wp-json\/wp\/v2\/product\/22597","targetHints":{"allow":["GET"]}}],"collection":[{"href":"https:\/\/www.physiodermie.com\/fr\/wp-json\/wp\/v2\/product"}],"about":[{"href":"https:\/\/www.physiodermie.com\/fr\/wp-json\/wp\/v2\/types\/product"}],"replies":[{"embeddable":true,"href":"https:\/\/www.physiodermie.com\/fr\/wp-json\/wp\/v2\/comments?post=22597"}],"wp:featuredmedia":[{"embeddable":true,"href":"https:\/\/www.physiodermie.com\/fr\/wp-json\/wp\/v2\/media\/21740"}],"wp:attachment":[{"href":"https:\/\/www.physiodermie.com\/fr\/wp-json\/wp\/v2\/media?parent=22597"}],"wp:term":[{"taxonomy":"product_brand","embeddable":true,"href":"https:\/\/www.physiodermie.com\/fr\/wp-json\/wp\/v2\/product_brand?post=22597"},{"taxonomy":"product_cat","embeddable":true,"href":"https:\/\/www.physiodermie.com\/fr\/wp-json\/wp\/v2\/product_cat?post=22597"},{"taxonomy":"product_tag","embeddable":true,"href":"https:\/\/www.physiodermie.com\/fr\/wp-json\/wp\/v2\/product_tag?post=22597"}],"curies":[{"name":"wp","href":"https:\/\/api.w.org\/{rel}","templated":true}]}}