{"id":23120,"date":"2021-04-21T08:53:47","date_gmt":"2022-05-10T15:05:29","guid":{"rendered":"https:\/\/physiodermie.com\/product\/physiobain-ds\/"},"modified":"2023-09-28T09:43:37","modified_gmt":"2023-09-28T07:43:37","slug":"physiobain-ds","status":"publish","type":"product","link":"https:\/\/www.physiodermie.com\/fr\/shop\/corps-fr\/physiobain-ds\/","title":{"rendered":"PHYSIOBAIN DS"},"content":{"rendered":"<div class=\"fusion-fullwidth fullwidth-box fusion-builder-row-1 fusion-flex-container hundred-percent-fullwidth non-hundred-percent-height-scrolling\" style=\"--awb-border-radius-top-left:0px;--awb-border-radius-top-right:0px;--awb-border-radius-bottom-right:0px;--awb-border-radius-bottom-left:0px;--awb-padding-right:0px;--awb-padding-bottom:0px;--awb-padding-left:0px;--awb-background-color:rgba(255,255,255,0);--awb-flex-wrap:wrap;\" ><div class=\"fusion-builder-row fusion-row fusion-flex-align-items-flex-start fusion-flex-content-wrap\" style=\"width:104% !important;max-width:104% !important;margin-left: calc(-4% \/ 2 );margin-right: calc(-4% \/ 2 );\"><div class=\"fusion-layout-column fusion_builder_column fusion-builder-column-0 fusion_builder_column_1_1 1_1 fusion-flex-column\" style=\"--awb-bg-size:cover;--awb-width-large:100%;--awb-margin-top-large:0px;--awb-spacing-right-large:1.92%;--awb-margin-bottom-large:0px;--awb-spacing-left-large:1.92%;--awb-width-medium:100%;--awb-spacing-right-medium:1.92%;--awb-spacing-left-medium:1.92%;--awb-width-small:100%;--awb-spacing-right-small:1.92%;--awb-spacing-left-small:1.92%;\"><div class=\"fusion-column-wrapper fusion-flex-justify-content-flex-start fusion-content-layout-column\"><div class=\"fusion-title title fusion-title-1 fusion-title-center fusion-title-text fusion-title-size-two\"><div class=\"title-sep-container title-sep-container-left\"><div class=\"title-sep sep-single sep-solid\" style=\"border-color:#e0dede;\"><\/div><\/div><span class=\"awb-title-spacer\"><\/span><h2 class=\"fusion-title-heading title-heading-center fusion-responsive-typography-calculated\" style=\"margin:0;--fontSize:38;line-height:1.26;\">Utilisation<\/h2><span class=\"awb-title-spacer\"><\/span><div class=\"title-sep-container title-sep-container-right\"><div class=\"title-sep sep-single sep-solid\" style=\"border-color:#e0dede;\"><\/div><\/div><\/div><div class=\"fusion-tabs fusion-tabs-1 clean nav-is-justified horizontal-tabs icon-position-left mobile-mode-accordion\" style=\"--awb-title-border-radius-top-left:0px;--awb-title-border-radius-top-right:0px;--awb-title-border-radius-bottom-right:0px;--awb-title-border-radius-bottom-left:0px;--awb-inactive-color:#f6f6f6;--awb-background-color:rgba(255,255,255,0);--awb-border-color:#eaeaea;--awb-active-border-color:#000000;\"><div class=\"nav\"><ul class=\"nav-tabs nav-justified\" role=\"tablist\"><li class=\"active\" role=\"presentation\"><a class=\"tab-link\" data-toggle=\"tab\" role=\"tab\" aria-controls=\"tab-0d16ea1fc625381224c\" aria-selected=\"true\" id=\"fusion-tab-application\" href=\"#tab-0d16ea1fc625381224c\"><h4 class=\"fusion-tab-heading\">Application<\/h4><\/a><\/li><li role=\"presentation\"><a class=\"tab-link\" data-toggle=\"tab\" role=\"tab\" aria-controls=\"tab-d33b7b82e96cdec0c18\" aria-selected=\"false\" tabindex=\"-1\" id=\"fusion-tab-listed&#039;ingr\u00e9dients\" href=\"#tab-d33b7b82e96cdec0c18\"><h4 class=\"fusion-tab-heading\">Liste d'ingr\u00e9dients<\/h4><\/a><\/li><li role=\"presentation\"><a class=\"tab-link\" data-toggle=\"tab\" role=\"tab\" aria-controls=\"tab-20852573259bd7d2587\" aria-selected=\"false\" tabindex=\"-1\" id=\"fusion-tab-technologies\" href=\"#tab-20852573259bd7d2587\"><h4 class=\"fusion-tab-heading\">Technologies<\/h4><\/a><\/li><\/ul><\/div><div class=\"tab-content\"><div class=\"nav fusion-mobile-tab-nav\"><ul class=\"nav-tabs nav-justified\" role=\"tablist\"><li class=\"active\" role=\"presentation\"><a class=\"tab-link\" data-toggle=\"tab\" role=\"tab\" aria-controls=\"tab-0d16ea1fc625381224c\" aria-selected=\"true\" id=\"mobile-fusion-tab-application\" href=\"#tab-0d16ea1fc625381224c\"><h4 class=\"fusion-tab-heading\">Application<\/h4><\/a><\/li><\/ul><\/div><div class=\"tab-pane fade fusion-clearfix in active\" role=\"tabpanel\" tabindex=\"0\" aria-labelledby=\"fusion-tab-application\" id=\"tab-0d16ea1fc625381224c\">\n<p>2 \u00e0 3 fois par semaine, verser 1 \u00e0 2 bouchons* par bain \u00e0 une temp\u00e9rature de 37-38\u00b0C pendant 15 \u00e0 20 minutes.<br \/>\n<em>*Ne pas d\u00e9passer la dose recommand\u00e9e.<\/em><\/p>\n<p>L&rsquo;association avec une alimentation \u00e9quilibr\u00e9e et une activit\u00e9 physique est essentielle pour obtenir des r\u00e9sultats visibles sur la silhouette. Demandez conseil \u00e0 votre dermo-th\u00e9rapeute si vous souhaitez utiliser le Physiobain DS.<\/p>\n<p><em>Ne convient pas aux femmes enceintes ou allaitantes.<\/em><\/p>\n<\/div><div class=\"nav fusion-mobile-tab-nav\"><ul class=\"nav-tabs nav-justified\" role=\"tablist\"><li role=\"presentation\"><a class=\"tab-link\" data-toggle=\"tab\" role=\"tab\" aria-controls=\"tab-d33b7b82e96cdec0c18\" aria-selected=\"false\" tabindex=\"-1\" id=\"mobile-fusion-tab-listed&#039;ingr\u00e9dients\" href=\"#tab-d33b7b82e96cdec0c18\"><h4 class=\"fusion-tab-heading\">Liste d'ingr\u00e9dients<\/h4><\/a><\/li><\/ul><\/div><div class=\"tab-pane fade fusion-clearfix\" role=\"tabpanel\" tabindex=\"0\" aria-labelledby=\"fusion-tab-listed&#039;ingr\u00e9dients\" id=\"tab-d33b7b82e96cdec0c18\">\n<p>Polysorbate 20, Propylene Glycol, Cinnamomum Cassia Leaf Oil, Citrus Aurantium Amara (Bitter Orange) Peel Oil, Eugenia Caryophyllus (Clove) Flower Oil, Aqua (Water), Citric Acid, Propyl Gallate, Cinnamyl Alcohol, Eugenol, Cinnamal, Coumarin, Geraniol, Linalool, Benzyl Benzoate, Citronellol, Limonene.<\/p>\n<p>*Nos formules pouvant \u00eatre amen\u00e9es \u00e0 \u00e9voluer, veuillez vous reporter \u00e9galement \u00e0 la liste d\u2019ingr\u00e9dients figurant sur l\u2019emballage du produit et faisant seule foi<\/p>\n<\/div><div class=\"nav fusion-mobile-tab-nav\"><ul class=\"nav-tabs nav-justified\" role=\"tablist\"><li role=\"presentation\"><a class=\"tab-link\" data-toggle=\"tab\" role=\"tab\" aria-controls=\"tab-20852573259bd7d2587\" aria-selected=\"false\" tabindex=\"-1\" id=\"mobile-fusion-tab-technologies\" href=\"#tab-20852573259bd7d2587\"><h4 class=\"fusion-tab-heading\">Technologies<\/h4><\/a><\/li><\/ul><\/div><div class=\"tab-pane fade fusion-clearfix\" role=\"tabpanel\" tabindex=\"0\" aria-labelledby=\"fusion-tab-technologies\" id=\"tab-20852573259bd7d2587\">\n<p>Micro-encapsulation (MEIMA)<\/p>\n<\/div><\/div><\/div><\/div><\/div><\/div><\/div>\n","protected":false},"excerpt":{"rendered":"<h5 class=\"biline\"><strong>100ml<\/strong><\/h5>\n<h5 class=\"biline\"><strong>Tous types de peaux.<\/strong><br \/>\n<strong>Modelant (anti-cellulite).<\/strong><\/h5>\n<div class=\"woocommerce-product-details__short-description\">\n<p>Riche en huiles essentielles aux propri\u00e9t\u00e9s stimulantes et dynamisantes, cette huile de bain aide \u00e0 r\u00e9duire l&rsquo;aspect de la peau d&rsquo;orange (cellulite).<\/p>\n<p><strong>Avantages:<\/strong> (1) Senteurs tonifiantes, puissantes et stimulantes, (2) Dynamisation et revitalisation de la peau, (3) Aide \u00e0 adoucir et \u00e0 lisser l&rsquo;\u00e9piderme.<\/p>\n<p><strong>Actifs : Synergie d&rsquo;huiles essentielles de cannelle, orange am\u00e8re, clou de girofle.<\/strong><\/p>\n<\/div>\n","protected":false},"featured_media":21762,"comment_status":"open","ping_status":"closed","template":"","meta":[],"product_brand":[],"product_cat":[199,203],"product_tag":[],"class_list":{"0":"post-23120","1":"product","2":"type-product","3":"status-publish","4":"has-post-thumbnail","6":"product_cat-corps-fr","7":"product_cat-physiobains","9":"first","10":"instock","11":"featured","12":"shipping-taxable","13":"purchasable","14":"product-type-simple"},"acf":[],"yoast_head":"<!-- This site is optimized with the Yoast SEO plugin v27.4 - https:\/\/yoast.com\/product\/yoast-seo-wordpress\/ -->\n<title>Physiobain DS Modelant - Physiodermie<\/title>\n<meta name=\"description\" content=\"Physiobain DS Modelant est riche en huiles essentielles aux propri\u00e9t\u00e9s stimulantes et dynamisantes. Aide \u00e0 r\u00e9duire l&#039;apparence de la cellulite.\" \/>\n<meta name=\"robots\" content=\"index, follow, max-snippet:-1, max-image-preview:large, max-video-preview:-1\" \/>\n<link rel=\"canonical\" href=\"https:\/\/www.physiodermie.com\/fr\/shop\/corps-fr\/physiobain-ds\/\" \/>\n<meta property=\"og:locale\" content=\"fr_FR\" \/>\n<meta property=\"og:type\" content=\"article\" \/>\n<meta property=\"og:title\" content=\"Physiobain DS Modelant - Physiodermie\" \/>\n<meta property=\"og:description\" content=\"Physiobain DS Modelant est riche en huiles essentielles aux propri\u00e9t\u00e9s stimulantes et dynamisantes. Aide \u00e0 r\u00e9duire l&#039;apparence de la cellulite.\" \/>\n<meta property=\"og:url\" content=\"https:\/\/www.physiodermie.com\/fr\/shop\/corps-fr\/physiobain-ds\/\" \/>\n<meta property=\"og:site_name\" content=\"Methode Physiodermie\" \/>\n<meta property=\"article:modified_time\" content=\"2023-09-28T07:43:37+00:00\" \/>\n<meta property=\"og:image\" content=\"https:\/\/www.physiodermie.com\/wp-content\/uploads\/2021\/04\/essential-bath-oil-DS-physiodermie.jpg\" \/>\n\t<meta property=\"og:image:width\" content=\"800\" \/>\n\t<meta property=\"og:image:height\" content=\"1000\" \/>\n\t<meta property=\"og:image:type\" content=\"image\/jpeg\" \/>\n<meta name=\"twitter:card\" content=\"summary_large_image\" \/>\n<meta name=\"twitter:label1\" content=\"Dur\u00e9e de lecture estim\u00e9e\" \/>\n\t<meta name=\"twitter:data1\" content=\"4 minutes\" \/>\n<script type=\"application\/ld+json\" class=\"yoast-schema-graph\">{\"@context\":\"https:\\\/\\\/schema.org\",\"@graph\":[{\"@type\":\"WebPage\",\"@id\":\"https:\\\/\\\/www.physiodermie.com\\\/fr\\\/shop\\\/corps-fr\\\/physiobain-ds\\\/\",\"url\":\"https:\\\/\\\/www.physiodermie.com\\\/fr\\\/shop\\\/corps-fr\\\/physiobain-ds\\\/\",\"name\":\"Physiobain DS Modelant - Physiodermie\",\"isPartOf\":{\"@id\":\"https:\\\/\\\/www.physiodermie.com\\\/fr\\\/#website\"},\"primaryImageOfPage\":{\"@id\":\"https:\\\/\\\/www.physiodermie.com\\\/fr\\\/shop\\\/corps-fr\\\/physiobain-ds\\\/#primaryimage\"},\"image\":{\"@id\":\"https:\\\/\\\/www.physiodermie.com\\\/fr\\\/shop\\\/corps-fr\\\/physiobain-ds\\\/#primaryimage\"},\"thumbnailUrl\":\"https:\\\/\\\/www.physiodermie.com\\\/wp-content\\\/uploads\\\/2021\\\/04\\\/essential-bath-oil-DS-physiodermie.jpg\",\"datePublished\":\"2022-05-10T15:05:29+00:00\",\"dateModified\":\"2023-09-28T07:43:37+00:00\",\"description\":\"Physiobain DS Modelant est riche en huiles essentielles aux propri\u00e9t\u00e9s stimulantes et dynamisantes. Aide \u00e0 r\u00e9duire l'apparence de la cellulite.\",\"breadcrumb\":{\"@id\":\"https:\\\/\\\/www.physiodermie.com\\\/fr\\\/shop\\\/corps-fr\\\/physiobain-ds\\\/#breadcrumb\"},\"inLanguage\":\"fr-FR\",\"potentialAction\":[{\"@type\":\"ReadAction\",\"target\":[\"https:\\\/\\\/www.physiodermie.com\\\/fr\\\/shop\\\/corps-fr\\\/physiobain-ds\\\/\"]}]},{\"@type\":\"ImageObject\",\"inLanguage\":\"fr-FR\",\"@id\":\"https:\\\/\\\/www.physiodermie.com\\\/fr\\\/shop\\\/corps-fr\\\/physiobain-ds\\\/#primaryimage\",\"url\":\"https:\\\/\\\/www.physiodermie.com\\\/wp-content\\\/uploads\\\/2021\\\/04\\\/essential-bath-oil-DS-physiodermie.jpg\",\"contentUrl\":\"https:\\\/\\\/www.physiodermie.com\\\/wp-content\\\/uploads\\\/2021\\\/04\\\/essential-bath-oil-DS-physiodermie.jpg\",\"width\":800,\"height\":1000,\"caption\":\"Essential Bath Oil DS\"},{\"@type\":\"BreadcrumbList\",\"@id\":\"https:\\\/\\\/www.physiodermie.com\\\/fr\\\/shop\\\/corps-fr\\\/physiobain-ds\\\/#breadcrumb\",\"itemListElement\":[{\"@type\":\"ListItem\",\"position\":1,\"name\":\"Accueil\",\"item\":\"https:\\\/\\\/www.physiodermie.com\\\/fr\\\/\"},{\"@type\":\"ListItem\",\"position\":2,\"name\":\"Acheter Methode Physiodermie en ligne\",\"item\":\"https:\\\/\\\/www.physiodermie.com\\\/fr\\\/boutique-2\\\/\"},{\"@type\":\"ListItem\",\"position\":3,\"name\":\"PHYSIOBAIN DS\"}]},{\"@type\":\"WebSite\",\"@id\":\"https:\\\/\\\/www.physiodermie.com\\\/fr\\\/#website\",\"url\":\"https:\\\/\\\/www.physiodermie.com\\\/fr\\\/\",\"name\":\"Methode Physiodermie\",\"description\":\"Performance Skincare Switzerland\",\"publisher\":{\"@id\":\"https:\\\/\\\/www.physiodermie.com\\\/fr\\\/#organization\"},\"potentialAction\":[{\"@type\":\"SearchAction\",\"target\":{\"@type\":\"EntryPoint\",\"urlTemplate\":\"https:\\\/\\\/www.physiodermie.com\\\/fr\\\/?s={search_term_string}\"},\"query-input\":{\"@type\":\"PropertyValueSpecification\",\"valueRequired\":true,\"valueName\":\"search_term_string\"}}],\"inLanguage\":\"fr-FR\"},{\"@type\":\"Organization\",\"@id\":\"https:\\\/\\\/www.physiodermie.com\\\/fr\\\/#organization\",\"name\":\"Laboratoire Sintyl - Gen\u00e8ve\",\"url\":\"https:\\\/\\\/www.physiodermie.com\\\/fr\\\/\",\"logo\":{\"@type\":\"ImageObject\",\"inLanguage\":\"fr-FR\",\"@id\":\"https:\\\/\\\/www.physiodermie.com\\\/fr\\\/#\\\/schema\\\/logo\\\/image\\\/\",\"url\":\"https:\\\/\\\/physiodermie.com\\\/wp-content\\\/uploads\\\/2021\\\/02\\\/methode-physiodermie_logo2x.png\",\"contentUrl\":\"https:\\\/\\\/physiodermie.com\\\/wp-content\\\/uploads\\\/2021\\\/02\\\/methode-physiodermie_logo2x.png\",\"width\":320,\"height\":86,\"caption\":\"Laboratoire Sintyl - Gen\u00e8ve\"},\"image\":{\"@id\":\"https:\\\/\\\/www.physiodermie.com\\\/fr\\\/#\\\/schema\\\/logo\\\/image\\\/\"}}]}<\/script>\n<!-- \/ Yoast SEO plugin. -->","yoast_head_json":{"title":"Physiobain DS Modelant - Physiodermie","description":"Physiobain DS Modelant est riche en huiles essentielles aux propri\u00e9t\u00e9s stimulantes et dynamisantes. Aide \u00e0 r\u00e9duire l'apparence de la cellulite.","robots":{"index":"index","follow":"follow","max-snippet":"max-snippet:-1","max-image-preview":"max-image-preview:large","max-video-preview":"max-video-preview:-1"},"canonical":"https:\/\/www.physiodermie.com\/fr\/shop\/corps-fr\/physiobain-ds\/","og_locale":"fr_FR","og_type":"article","og_title":"Physiobain DS Modelant - Physiodermie","og_description":"Physiobain DS Modelant est riche en huiles essentielles aux propri\u00e9t\u00e9s stimulantes et dynamisantes. Aide \u00e0 r\u00e9duire l'apparence de la cellulite.","og_url":"https:\/\/www.physiodermie.com\/fr\/shop\/corps-fr\/physiobain-ds\/","og_site_name":"Methode Physiodermie","article_modified_time":"2023-09-28T07:43:37+00:00","og_image":[{"width":800,"height":1000,"url":"https:\/\/www.physiodermie.com\/wp-content\/uploads\/2021\/04\/essential-bath-oil-DS-physiodermie.jpg","type":"image\/jpeg"}],"twitter_card":"summary_large_image","twitter_misc":{"Dur\u00e9e de lecture estim\u00e9e":"4 minutes"},"schema":{"@context":"https:\/\/schema.org","@graph":[{"@type":"WebPage","@id":"https:\/\/www.physiodermie.com\/fr\/shop\/corps-fr\/physiobain-ds\/","url":"https:\/\/www.physiodermie.com\/fr\/shop\/corps-fr\/physiobain-ds\/","name":"Physiobain DS Modelant - Physiodermie","isPartOf":{"@id":"https:\/\/www.physiodermie.com\/fr\/#website"},"primaryImageOfPage":{"@id":"https:\/\/www.physiodermie.com\/fr\/shop\/corps-fr\/physiobain-ds\/#primaryimage"},"image":{"@id":"https:\/\/www.physiodermie.com\/fr\/shop\/corps-fr\/physiobain-ds\/#primaryimage"},"thumbnailUrl":"https:\/\/www.physiodermie.com\/wp-content\/uploads\/2021\/04\/essential-bath-oil-DS-physiodermie.jpg","datePublished":"2022-05-10T15:05:29+00:00","dateModified":"2023-09-28T07:43:37+00:00","description":"Physiobain DS Modelant est riche en huiles essentielles aux propri\u00e9t\u00e9s stimulantes et dynamisantes. Aide \u00e0 r\u00e9duire l'apparence de la cellulite.","breadcrumb":{"@id":"https:\/\/www.physiodermie.com\/fr\/shop\/corps-fr\/physiobain-ds\/#breadcrumb"},"inLanguage":"fr-FR","potentialAction":[{"@type":"ReadAction","target":["https:\/\/www.physiodermie.com\/fr\/shop\/corps-fr\/physiobain-ds\/"]}]},{"@type":"ImageObject","inLanguage":"fr-FR","@id":"https:\/\/www.physiodermie.com\/fr\/shop\/corps-fr\/physiobain-ds\/#primaryimage","url":"https:\/\/www.physiodermie.com\/wp-content\/uploads\/2021\/04\/essential-bath-oil-DS-physiodermie.jpg","contentUrl":"https:\/\/www.physiodermie.com\/wp-content\/uploads\/2021\/04\/essential-bath-oil-DS-physiodermie.jpg","width":800,"height":1000,"caption":"Essential Bath Oil DS"},{"@type":"BreadcrumbList","@id":"https:\/\/www.physiodermie.com\/fr\/shop\/corps-fr\/physiobain-ds\/#breadcrumb","itemListElement":[{"@type":"ListItem","position":1,"name":"Accueil","item":"https:\/\/www.physiodermie.com\/fr\/"},{"@type":"ListItem","position":2,"name":"Acheter Methode Physiodermie en ligne","item":"https:\/\/www.physiodermie.com\/fr\/boutique-2\/"},{"@type":"ListItem","position":3,"name":"PHYSIOBAIN DS"}]},{"@type":"WebSite","@id":"https:\/\/www.physiodermie.com\/fr\/#website","url":"https:\/\/www.physiodermie.com\/fr\/","name":"Methode Physiodermie","description":"Performance Skincare Switzerland","publisher":{"@id":"https:\/\/www.physiodermie.com\/fr\/#organization"},"potentialAction":[{"@type":"SearchAction","target":{"@type":"EntryPoint","urlTemplate":"https:\/\/www.physiodermie.com\/fr\/?s={search_term_string}"},"query-input":{"@type":"PropertyValueSpecification","valueRequired":true,"valueName":"search_term_string"}}],"inLanguage":"fr-FR"},{"@type":"Organization","@id":"https:\/\/www.physiodermie.com\/fr\/#organization","name":"Laboratoire Sintyl - Gen\u00e8ve","url":"https:\/\/www.physiodermie.com\/fr\/","logo":{"@type":"ImageObject","inLanguage":"fr-FR","@id":"https:\/\/www.physiodermie.com\/fr\/#\/schema\/logo\/image\/","url":"https:\/\/physiodermie.com\/wp-content\/uploads\/2021\/02\/methode-physiodermie_logo2x.png","contentUrl":"https:\/\/physiodermie.com\/wp-content\/uploads\/2021\/02\/methode-physiodermie_logo2x.png","width":320,"height":86,"caption":"Laboratoire Sintyl - Gen\u00e8ve"},"image":{"@id":"https:\/\/www.physiodermie.com\/fr\/#\/schema\/logo\/image\/"}}]}},"_links":{"self":[{"href":"https:\/\/www.physiodermie.com\/fr\/wp-json\/wp\/v2\/product\/23120","targetHints":{"allow":["GET"]}}],"collection":[{"href":"https:\/\/www.physiodermie.com\/fr\/wp-json\/wp\/v2\/product"}],"about":[{"href":"https:\/\/www.physiodermie.com\/fr\/wp-json\/wp\/v2\/types\/product"}],"replies":[{"embeddable":true,"href":"https:\/\/www.physiodermie.com\/fr\/wp-json\/wp\/v2\/comments?post=23120"}],"wp:featuredmedia":[{"embeddable":true,"href":"https:\/\/www.physiodermie.com\/fr\/wp-json\/wp\/v2\/media\/21762"}],"wp:attachment":[{"href":"https:\/\/www.physiodermie.com\/fr\/wp-json\/wp\/v2\/media?parent=23120"}],"wp:term":[{"taxonomy":"product_brand","embeddable":true,"href":"https:\/\/www.physiodermie.com\/fr\/wp-json\/wp\/v2\/product_brand?post=23120"},{"taxonomy":"product_cat","embeddable":true,"href":"https:\/\/www.physiodermie.com\/fr\/wp-json\/wp\/v2\/product_cat?post=23120"},{"taxonomy":"product_tag","embeddable":true,"href":"https:\/\/www.physiodermie.com\/fr\/wp-json\/wp\/v2\/product_tag?post=23120"}],"curies":[{"name":"wp","href":"https:\/\/api.w.org\/{rel}","templated":true}]}}